{"id":1391,"date":"2017-08-16T13:02:10","date_gmt":"2017-08-16T12:02:10","guid":{"rendered":"http:\/\/www.kimble.fi\/wordpress\/?page_id=1391"},"modified":"2017-09-01T07:45:37","modified_gmt":"2017-09-01T06:45:37","slug":"kimble-kilpailun-saannot","status":"publish","type":"page","link":"https:\/\/www.kimble.fi\/wordpress\/index.php\/kimble-kilpailun-saannot\/","title":{"rendered":"Kimble-kilpailun s\u00e4\u00e4nn\u00f6t"},"content":{"rendered":"<h4><strong>1. J\u00e4rjest\u00e4j\u00e4<\/strong><\/h4>\n<p>Tactic Games Oy \/ www.kimble.fi<\/p>\n<h4><strong>2. Osallistumiskelpoisuus<\/strong><\/h4>\n<p>Kilpailu on avoin kaikille.\u00a0Osallistumalla kilpailuun osallistujat hyv\u00e4ksyv\u00e4t kilpailun s\u00e4\u00e4nn\u00f6t.\u00a0Vain yksi osallistuminen\/kilpailija huomioidaan!<\/p>\n<h4><b>3. Kilpailuaika<\/b><\/h4>\n<p>Kilpailu alkaa 01.09.2017 ja p\u00e4\u00e4ttyy sunnuntaina 01.10.2017 klo 24:00.<\/p>\n<h4><b>4. Kuinka osallistua kilpailuun\u00a0<\/b><\/h4>\n<p>Osallistuminen tapahtuu vastaamalla tietovisa-lomakkeen kysymyksiin ja t\u00e4ytt\u00e4m\u00e4ll\u00e4 lomakkeen yhteystiedot.<\/p>\n<h4><b>5. Palkinnot<\/b><\/h4>\n<p>Kaikkiin kysymyksiin oikein vastanneiden kesken arvotaan kassillinen Kimble-tuotteita.<\/p>\n<p>Voittaja valitaan arvonnalla kaikkien osallistujien joukosta 02.10.2017.<\/p>\n<p>Voitosta ilmoitetaan voittajalle henkil\u00f6kohtaisesti sek\u00e4 voittajan nimi julkaistaan <a href=\"https:\/\/www.kimble.fi\/wordpress\/\">www.kimble.fi<\/a> ja<a href=\"https:\/\/www.facebook.com\/kimble.fi\/\"> www.facebook.com\/kimble.fi<\/a>\u00a0\u00a0-sivuilla.<\/p>\n<p>Palkinnot toimitetaan postiosoitteeseen Suomessa 30.11.2017 menness\u00e4.<\/p>\n<h4><strong>6. Ehdot<\/strong><\/h4>\n<p>Emme vastaa tietoteknisist\u00e4 syist\u00e4 johtuvista ongelmista tai esteist\u00e4 kilpailuun\u00a0osallistumiseen tai palkinnon vastaanottamiseen.<\/p>\n<p>Pid\u00e4t\u00e4mme oikeuden hyl\u00e4t\u00e4 osallistuminen vilpilliseksi katsomastamme syyst\u00e4.<\/p>\n<p>Pid\u00e4t\u00e4mme oikeuden s\u00e4\u00e4nt\u00f6muutoksiin.<\/p>\n<h4><b>7. Julkisuus ja markkinointi<\/b><\/h4>\n<p>J\u00e4rjest\u00e4j\u00e4 ei ker\u00e4\u00e4 kilpailun yhteydess\u00e4 osallistujarekisteri\u00e4. Yhteystietojen k\u00e4yt\u00f6n salliminen markkinointitarkoituksiin on vapaaehtoista.<\/p>\n<p>Kilpailua markkinoidaan Facebookissa.\u00a0<b>Kilpailu ei ole Facebookin sponsoroima, suosittelema, hallinnoima eik\u00e4 mill\u00e4\u00e4n tavalla liity Facebookiin.<\/b> Kilpailuun osallistujat sitoutuvat vapauttamaan Facebookin kaikista kilpailua koskevista ja siihen liittyvist\u00e4 vastuista ja vaatimuksista.<\/p>\n<h4><b>8. Lis\u00e4tietoa kilpailusta<\/b><\/h4>\n<p>kilpailu(at)tactic.net<\/p>\n","protected":false},"excerpt":{"rendered":"<p>1. J\u00e4rjest\u00e4j\u00e4 Tactic Games Oy \/ www.kimble.fi 2. Osallistumiskelpoisuus Kilpailu on avoin kaikille.\u00a0Osallistumalla kilpailuun osallistujat hyv\u00e4ksyv\u00e4t kilpailun s\u00e4\u00e4nn\u00f6t.\u00a0Vain yksi osallistuminen\/kilpailija huomioidaan! 3. Kilpailuaika Kilpailu alkaa 01.09.2017 ja p\u00e4\u00e4ttyy sunnuntaina 01.10.2017 klo 24:00. 4. Kuinka&#46;&#46;&#46;<\/p>\n","protected":false},"author":2,"featured_media":0,"parent":0,"menu_order":0,"comment_status":"closed","ping_status":"closed","template":"","meta":{"footnotes":""},"class_list":["post-1391","page","type-page","status-publish","hentry"],"_links":{"self":[{"href":"https:\/\/www.kimble.fi\/wordpress\/index.php\/wp-json\/wp\/v2\/pages\/1391"}],"collection":[{"href":"https:\/\/www.kimble.fi\/wordpress\/index.php\/wp-json\/wp\/v2\/pages"}],"about":[{"href":"https:\/\/www.kimble.fi\/wordpress\/index.php\/wp-json\/wp\/v2\/types\/page"}],"author":[{"embeddable":true,"href":"https:\/\/www.kimble.fi\/wordpress\/index.php\/wp-json\/wp\/v2\/users\/2"}],"replies":[{"embeddable":true,"href":"https:\/\/www.kimble.fi\/wordpress\/index.php\/wp-json\/wp\/v2\/comments?post=1391"}],"version-history":[{"count":6,"href":"https:\/\/www.kimble.fi\/wordpress\/index.php\/wp-json\/wp\/v2\/pages\/1391\/revisions"}],"predecessor-version":[{"id":1475,"href":"https:\/\/www.kimble.fi\/wordpress\/index.php\/wp-json\/wp\/v2\/pages\/1391\/revisions\/1475"}],"wp:attachment":[{"href":"https:\/\/www.kimble.fi\/wordpress\/index.php\/wp-json\/wp\/v2\/media?parent=1391"}],"curies":[{"name":"wp","href":"https:\/\/api.w.org\/{rel}","templated":true}]}}