{"id":1436,"date":"2017-08-25T12:10:11","date_gmt":"2017-08-25T11:10:11","guid":{"rendered":"http:\/\/www.kimble.fi\/wordpress\/?page_id=1436"},"modified":"2017-09-18T13:30:31","modified_gmt":"2017-09-18T12:30:31","slug":"musta-hevonen","status":"publish","type":"page","link":"https:\/\/www.kimble.fi\/wordpress\/index.php\/musta-hevonen\/","title":{"rendered":"musta hevonen"},"content":{"rendered":"<p><img loading=\"lazy\" decoding=\"async\" class=\"aligncenter wp-image-1437 size-full\" src=\"https:\/\/www.kimble.fi\/wordpress\/wp-content\/uploads\/2017\/08\/mustahevonen_header.jpg\" alt=\"\" width=\"1200\" height=\"300\" srcset=\"https:\/\/www.kimble.fi\/wordpress\/wp-content\/uploads\/2017\/08\/mustahevonen_header.jpg 1200w, https:\/\/www.kimble.fi\/wordpress\/wp-content\/uploads\/2017\/08\/mustahevonen_header-300x75.jpg 300w, https:\/\/www.kimble.fi\/wordpress\/wp-content\/uploads\/2017\/08\/mustahevonen_header-768x192.jpg 768w, https:\/\/www.kimble.fi\/wordpress\/wp-content\/uploads\/2017\/08\/mustahevonen_header-1024x256.jpg 1024w\" sizes=\"(max-width: 1200px) 100vw, 1200px\" \/><\/p>\n<h3><strong>Missasitko Suomi pelaa Kimble\u00e4 <a href=\"https:\/\/www.kimble.fi\/wordpress\/index.php\/kimbleturnaus\/pelaajille\/\">-turnauksen<\/a> osakilpailut? Ei h\u00e4t\u00e4\u00e4, sill\u00e4 sin\u00e4 voit olla finaalin musta hevonen!<\/strong><\/h3>\n<h1><strong>Voit p\u00e4\u00e4st\u00e4 mukaan jonottamalla!<\/strong><\/h1>\n<ul>\n<li><strong>Tule aamulla 23.9. Kauppakeskus Puuvillaan tapahtuma-aukiolle, p\u00e4\u00e4esiintymislavan eteen ja ala jonottaa musta hevonen -kyltin edess\u00e4.<\/strong><\/li>\n<li><strong>Ainakin jonon 16 ensimm\u00e4ist\u00e4 p\u00e4\u00e4sev\u00e4t kilpailemaan mustan hevosen -paikasta finaalissa, joten kannattaa tulla ajoissa paikalle!<\/strong><\/li>\n<li><strong>Kilpailu k\u00e4yd\u00e4\u00e4n&#8230; tietenkin pelaamalla Kimble\u00e4<\/strong><\/li>\n<li><strong>Musta hevonen kilvassa pelataan kaksi kierrosta, ja pelaaja joka voittaa kummassakin, p\u00e4\u00e4see finaaliin.<\/strong><\/li>\n<li><strong>Kilpailu alkaa klo 10.00<\/strong><\/li>\n<li><strong>Varsinainen finaali alkaa klo 12.00<\/strong><\/li>\n<\/ul>\n<p>Lis\u00e4tietoa finaalista <a href=\"https:\/\/www.kimble.fi\/wordpress\/index.php\/kimbleturnaus\/sm-finaalipelimarkkinat\/\">t\u00e4\u00e4lt\u00e4!<\/a><\/p>\n<p><img loading=\"lazy\" decoding=\"async\" class=\"alignnone size-full wp-image-324\" src=\"https:\/\/www.kimble.fi\/wordpress\/wp-content\/uploads\/2016\/11\/nappulat-02.png\" alt=\"\" width=\"1686\" height=\"203\" srcset=\"https:\/\/www.kimble.fi\/wordpress\/wp-content\/uploads\/2016\/11\/nappulat-02.png 1686w, https:\/\/www.kimble.fi\/wordpress\/wp-content\/uploads\/2016\/11\/nappulat-02-300x36.png 300w, https:\/\/www.kimble.fi\/wordpress\/wp-content\/uploads\/2016\/11\/nappulat-02-768x92.png 768w, https:\/\/www.kimble.fi\/wordpress\/wp-content\/uploads\/2016\/11\/nappulat-02-1024x123.png 1024w\" sizes=\"(max-width: 1686px) 100vw, 1686px\" \/><\/p>\n<p><img loading=\"lazy\" decoding=\"async\" class=\"alignnone size-full wp-image-1465\" src=\"https:\/\/www.kimble.fi\/wordpress\/wp-content\/uploads\/2017\/08\/muastahevonen_footer-1.jpg\" alt=\"\" width=\"1200\" height=\"110\" srcset=\"https:\/\/www.kimble.fi\/wordpress\/wp-content\/uploads\/2017\/08\/muastahevonen_footer-1.jpg 1200w, https:\/\/www.kimble.fi\/wordpress\/wp-content\/uploads\/2017\/08\/muastahevonen_footer-1-300x28.jpg 300w, https:\/\/www.kimble.fi\/wordpress\/wp-content\/uploads\/2017\/08\/muastahevonen_footer-1-768x70.jpg 768w, https:\/\/www.kimble.fi\/wordpress\/wp-content\/uploads\/2017\/08\/muastahevonen_footer-1-1024x94.jpg 1024w\" sizes=\"(max-width: 1200px) 100vw, 1200px\" \/><\/p>\n","protected":false},"excerpt":{"rendered":"<p>Missasitko Suomi pelaa Kimble\u00e4 -turnauksen osakilpailut? Ei h\u00e4t\u00e4\u00e4, sill\u00e4 sin\u00e4 voit olla finaalin musta hevonen! Voit p\u00e4\u00e4st\u00e4 mukaan jonottamalla! Tule aamulla 23.9. Kauppakeskus Puuvillaan tapahtuma-aukiolle, p\u00e4\u00e4esiintymislavan eteen ja ala jonottaa musta hevonen -kyltin edess\u00e4.&#46;&#46;&#46;<\/p>\n","protected":false},"author":2,"featured_media":0,"parent":0,"menu_order":0,"comment_status":"closed","ping_status":"closed","template":"","meta":{"footnotes":""},"class_list":["post-1436","page","type-page","status-publish","hentry"],"_links":{"self":[{"href":"https:\/\/www.kimble.fi\/wordpress\/index.php\/wp-json\/wp\/v2\/pages\/1436"}],"collection":[{"href":"https:\/\/www.kimble.fi\/wordpress\/index.php\/wp-json\/wp\/v2\/pages"}],"about":[{"href":"https:\/\/www.kimble.fi\/wordpress\/index.php\/wp-json\/wp\/v2\/types\/page"}],"author":[{"embeddable":true,"href":"https:\/\/www.kimble.fi\/wordpress\/index.php\/wp-json\/wp\/v2\/users\/2"}],"replies":[{"embeddable":true,"href":"https:\/\/www.kimble.fi\/wordpress\/index.php\/wp-json\/wp\/v2\/comments?post=1436"}],"version-history":[{"count":13,"href":"https:\/\/www.kimble.fi\/wordpress\/index.php\/wp-json\/wp\/v2\/pages\/1436\/revisions"}],"predecessor-version":[{"id":1493,"href":"https:\/\/www.kimble.fi\/wordpress\/index.php\/wp-json\/wp\/v2\/pages\/1436\/revisions\/1493"}],"wp:attachment":[{"href":"https:\/\/www.kimble.fi\/wordpress\/index.php\/wp-json\/wp\/v2\/media?parent=1436"}],"curies":[{"name":"wp","href":"https:\/\/api.w.org\/{rel}","templated":true}]}}