{"id":1595,"date":"2018-05-21T08:23:52","date_gmt":"2018-05-21T07:23:52","guid":{"rendered":"http:\/\/www.kimble.fi\/wordpress\/?page_id=1595"},"modified":"2018-05-21T08:23:52","modified_gmt":"2018-05-21T07:23:52","slug":"evasteet","status":"publish","type":"page","link":"https:\/\/www.kimble.fi\/wordpress\/index.php\/evasteet\/","title":{"rendered":"Ev\u00e4steet"},"content":{"rendered":"<p><strong>Tiedoksesi<\/strong><\/p>\n<p>K\u00e4yt\u00e4mme Google Analytics -ohjelmaa ker\u00e4t\u00e4ksemme tietoja siit\u00e4, miten sivustoa k\u00e4ytet\u00e4\u00e4n. Tietojen avulla pyrimme saamaan k\u00e4sityksen siit\u00e4, mit\u00e4 sivuston k\u00e4ytt\u00e4j\u00e4t haluavat ja miten voimme parhaiten antaa k\u00e4ytt\u00e4jille heid\u00e4n tarvitsemiaan tietoja.<\/p>\n<p><strong>Ev\u00e4steiden est\u00e4minen ja poistaminen<\/strong><\/p>\n<p>Voit est\u00e4\u00e4 ev\u00e4steiden k\u00e4yt\u00f6n tietokoneellasi muuttamalla selaimesi asetuksia. Asetusten sijainti riippuu selaimesta. Kannattaa kuitenkin ottaa huomioon, ett\u00e4 monet toiminnot ja palvelut edellytt\u00e4v\u00e4t, ett\u00e4 verkkosivusto tallentaa tekem\u00e4si valinnat. Jos est\u00e4t ev\u00e4steet, et v\u00e4ltt\u00e4m\u00e4tt\u00e4 voi k\u00e4ytt\u00e4\u00e4 kaikkia toimintoja ja palveluja.<\/p>\n<p><a href=\"https:\/\/www.kimble.fi\/wordpress\/\">Etusivulle<\/a><\/p>\n","protected":false},"excerpt":{"rendered":"<p>Tiedoksesi K\u00e4yt\u00e4mme Google Analytics -ohjelmaa ker\u00e4t\u00e4ksemme tietoja siit\u00e4, miten sivustoa k\u00e4ytet\u00e4\u00e4n. Tietojen avulla pyrimme saamaan k\u00e4sityksen siit\u00e4, mit\u00e4 sivuston k\u00e4ytt\u00e4j\u00e4t haluavat ja miten voimme parhaiten antaa k\u00e4ytt\u00e4jille heid\u00e4n tarvitsemiaan tietoja. Ev\u00e4steiden est\u00e4minen ja poistaminen&#46;&#46;&#46;<\/p>\n","protected":false},"author":2,"featured_media":0,"parent":0,"menu_order":0,"comment_status":"closed","ping_status":"closed","template":"","meta":{"footnotes":""},"class_list":["post-1595","page","type-page","status-publish","hentry"],"_links":{"self":[{"href":"https:\/\/www.kimble.fi\/wordpress\/index.php\/wp-json\/wp\/v2\/pages\/1595"}],"collection":[{"href":"https:\/\/www.kimble.fi\/wordpress\/index.php\/wp-json\/wp\/v2\/pages"}],"about":[{"href":"https:\/\/www.kimble.fi\/wordpress\/index.php\/wp-json\/wp\/v2\/types\/page"}],"author":[{"embeddable":true,"href":"https:\/\/www.kimble.fi\/wordpress\/index.php\/wp-json\/wp\/v2\/users\/2"}],"replies":[{"embeddable":true,"href":"https:\/\/www.kimble.fi\/wordpress\/index.php\/wp-json\/wp\/v2\/comments?post=1595"}],"version-history":[{"count":2,"href":"https:\/\/www.kimble.fi\/wordpress\/index.php\/wp-json\/wp\/v2\/pages\/1595\/revisions"}],"predecessor-version":[{"id":1597,"href":"https:\/\/www.kimble.fi\/wordpress\/index.php\/wp-json\/wp\/v2\/pages\/1595\/revisions\/1597"}],"wp:attachment":[{"href":"https:\/\/www.kimble.fi\/wordpress\/index.php\/wp-json\/wp\/v2\/media?parent=1595"}],"curies":[{"name":"wp","href":"https:\/\/api.w.org\/{rel}","templated":true}]}}