{"id":1646,"date":"2019-03-12T07:03:00","date_gmt":"2019-03-12T07:03:00","guid":{"rendered":"http:\/\/www.kimble.fi\/wordpress\/?page_id=1646"},"modified":"2019-03-12T07:03:01","modified_gmt":"2019-03-12T07:03:01","slug":"herbario-kimble","status":"publish","type":"page","link":"https:\/\/www.kimble.fi\/wordpress\/index.php\/herbario-kimble\/","title":{"rendered":"Herbario-Kimble"},"content":{"rendered":"\n<figure class=\"wp-block-image\"><img loading=\"lazy\" decoding=\"async\" width=\"1024\" height=\"683\" src=\"https:\/\/www.kimble.fi\/wordpress\/wp-content\/uploads\/2019\/03\/Ivana_Helsinki_KIMBLE_boxi-1-1024x683.png\" alt=\"\" class=\"wp-image-1655\" srcset=\"https:\/\/www.kimble.fi\/wordpress\/wp-content\/uploads\/2019\/03\/Ivana_Helsinki_KIMBLE_boxi-1-1024x683.png 1024w, https:\/\/www.kimble.fi\/wordpress\/wp-content\/uploads\/2019\/03\/Ivana_Helsinki_KIMBLE_boxi-1-300x200.png 300w, https:\/\/www.kimble.fi\/wordpress\/wp-content\/uploads\/2019\/03\/Ivana_Helsinki_KIMBLE_boxi-1-768x512.png 768w, https:\/\/www.kimble.fi\/wordpress\/wp-content\/uploads\/2019\/03\/Ivana_Helsinki_KIMBLE_boxi-1.png 1063w\" sizes=\"(max-width: 1024px) 100vw, 1024px\" \/><\/figure>\n\n\n\n<h3 class=\"wp-block-heading\"> <br>Kimble ylpe\u00e4n\u00e4 esittelee Ivana Helsingin Herbario-kuosilla koristetun Kimble-erikoispainoksen!<\/h3>\n\n\n\n<p><strong>Herbario on yksi Ivana Helsingin tuoreimmista, klassikko statuksen saavuttaneista kuoseista.<\/strong> Herbario-kuosin juuret ovat suomalaisissa kasveissa, joita Paola ja h\u00e4nen \u00e4itins\u00e4 nuorena ker\u00e4siv\u00e4t omiin kasvioihinsa.<\/p>\n\n\n\n<p><strong>Ivana Helsinki<\/strong> on vuonna 1998 perustettu itsen\u00e4inen taide-, muoti- ja designbrandi, jonka tyyli on yhdistelm\u00e4 slaavilaista melankoliaa, skandinaavista raikkautta sek\u00e4 ripaus nostalgiaa. Ivana Helsingin k\u00e4denj\u00e4lki on ainutlaatuinen sek\u00e4 tunnistettava, ja merkki tunnetaan parhaiten kuoseistaan. Kaikkien kuosien suunnittelija on Paola Ivana Suhonen.<\/p>\n\n\n\n<p>Ivana Helsinki on ainoa pohjoismainen br\u00e4ndi, joka on hyv\u00e4ksytty esittelem\u00e4\u00e4n mallistonsa sek\u00e4 Pariisin ett\u00e4 New Yorkin virallisilla muotiviikoilla. Ivana Helsinki luo ajattomia taideteoksia, arjen toimivaa luksusta.<\/p>\n\n\n\n<ul class=\"wp-block-gallery columns-3 is-cropped wp-block-gallery-1 is-layout-flex wp-block-gallery-is-layout-flex\"><li class=\"blocks-gallery-item\"><figure><img loading=\"lazy\" decoding=\"async\" width=\"1024\" height=\"820\" src=\"https:\/\/www.kimble.fi\/wordpress\/wp-content\/uploads\/2019\/03\/ivana-kimble_1-1024x820.png\" alt=\"\" data-id=\"1656\" data-link=\"https:\/\/www.kimble.fi\/wordpress\/?attachment_id=1656\" class=\"wp-image-1656\" srcset=\"https:\/\/www.kimble.fi\/wordpress\/wp-content\/uploads\/2019\/03\/ivana-kimble_1-1024x820.png 1024w, https:\/\/www.kimble.fi\/wordpress\/wp-content\/uploads\/2019\/03\/ivana-kimble_1-300x240.png 300w, https:\/\/www.kimble.fi\/wordpress\/wp-content\/uploads\/2019\/03\/ivana-kimble_1-768x615.png 768w, https:\/\/www.kimble.fi\/wordpress\/wp-content\/uploads\/2019\/03\/ivana-kimble_1.png 1063w\" sizes=\"(max-width: 1024px) 100vw, 1024px\" \/><\/figure><\/li><li class=\"blocks-gallery-item\"><figure><img loading=\"lazy\" decoding=\"async\" width=\"1024\" height=\"819\" src=\"https:\/\/www.kimble.fi\/wordpress\/wp-content\/uploads\/2019\/03\/ivana-kimble_2-1024x819.png\" alt=\"\" data-id=\"1657\" data-link=\"https:\/\/www.kimble.fi\/wordpress\/?attachment_id=1657\" class=\"wp-image-1657\" srcset=\"https:\/\/www.kimble.fi\/wordpress\/wp-content\/uploads\/2019\/03\/ivana-kimble_2-1024x819.png 1024w, https:\/\/www.kimble.fi\/wordpress\/wp-content\/uploads\/2019\/03\/ivana-kimble_2-300x240.png 300w, https:\/\/www.kimble.fi\/wordpress\/wp-content\/uploads\/2019\/03\/ivana-kimble_2-768x614.png 768w, https:\/\/www.kimble.fi\/wordpress\/wp-content\/uploads\/2019\/03\/ivana-kimble_2.png 1063w\" sizes=\"(max-width: 1024px) 100vw, 1024px\" \/><\/figure><\/li><li class=\"blocks-gallery-item\"><figure><img loading=\"lazy\" decoding=\"async\" width=\"1024\" height=\"819\" src=\"https:\/\/www.kimble.fi\/wordpress\/wp-content\/uploads\/2019\/03\/ivana-kimble_3-1024x819.png\" alt=\"\" data-id=\"1658\" data-link=\"https:\/\/www.kimble.fi\/wordpress\/?attachment_id=1658\" class=\"wp-image-1658\" srcset=\"https:\/\/www.kimble.fi\/wordpress\/wp-content\/uploads\/2019\/03\/ivana-kimble_3-1024x819.png 1024w, https:\/\/www.kimble.fi\/wordpress\/wp-content\/uploads\/2019\/03\/ivana-kimble_3-300x240.png 300w, https:\/\/www.kimble.fi\/wordpress\/wp-content\/uploads\/2019\/03\/ivana-kimble_3-768x614.png 768w, https:\/\/www.kimble.fi\/wordpress\/wp-content\/uploads\/2019\/03\/ivana-kimble_3.png 1063w\" sizes=\"(max-width: 1024px) 100vw, 1024px\" \/><\/figure><\/li><\/ul>\n\n\n\n<p>Rajoitettu painos.  <br>\u00a9 Ivana Helsinki \/ Tactic Games Oy<\/p>\n","protected":false},"excerpt":{"rendered":"<p>Kimble ylpe\u00e4n\u00e4 esittelee Ivana Helsingin Herbario-kuosilla koristetun Kimble-erikoispainoksen! Herbario on yksi Ivana Helsingin tuoreimmista, klassikko statuksen saavuttaneista kuoseista. Herbario-kuosin juuret ovat suomalaisissa kasveissa, joita Paola ja h\u00e4nen \u00e4itins\u00e4 nuorena ker\u00e4siv\u00e4t omiin kasvioihinsa. Ivana Helsinki&#46;&#46;&#46;<\/p>\n","protected":false},"author":2,"featured_media":0,"parent":0,"menu_order":0,"comment_status":"closed","ping_status":"closed","template":"","meta":{"footnotes":""},"class_list":["post-1646","page","type-page","status-publish","hentry"],"_links":{"self":[{"href":"https:\/\/www.kimble.fi\/wordpress\/index.php\/wp-json\/wp\/v2\/pages\/1646"}],"collection":[{"href":"https:\/\/www.kimble.fi\/wordpress\/index.php\/wp-json\/wp\/v2\/pages"}],"about":[{"href":"https:\/\/www.kimble.fi\/wordpress\/index.php\/wp-json\/wp\/v2\/types\/page"}],"author":[{"embeddable":true,"href":"https:\/\/www.kimble.fi\/wordpress\/index.php\/wp-json\/wp\/v2\/users\/2"}],"replies":[{"embeddable":true,"href":"https:\/\/www.kimble.fi\/wordpress\/index.php\/wp-json\/wp\/v2\/comments?post=1646"}],"version-history":[{"count":9,"href":"https:\/\/www.kimble.fi\/wordpress\/index.php\/wp-json\/wp\/v2\/pages\/1646\/revisions"}],"predecessor-version":[{"id":1660,"href":"https:\/\/www.kimble.fi\/wordpress\/index.php\/wp-json\/wp\/v2\/pages\/1646\/revisions\/1660"}],"wp:attachment":[{"href":"https:\/\/www.kimble.fi\/wordpress\/index.php\/wp-json\/wp\/v2\/media?parent=1646"}],"curies":[{"name":"wp","href":"https:\/\/api.w.org\/{rel}","templated":true}]}}