{"id":1766,"date":"2019-04-04T08:09:18","date_gmt":"2019-04-04T07:09:18","guid":{"rendered":"https:\/\/www.kimble.fi\/wordpress\/?page_id=1766"},"modified":"2019-04-04T11:00:21","modified_gmt":"2019-04-04T10:00:21","slug":"kimble-ilme20-kilpailun-saannot","status":"publish","type":"page","link":"https:\/\/www.kimble.fi\/wordpress\/index.php\/kimble-ilme20\/kimble-ilme20-kilpailun-saannot\/","title":{"rendered":"Kimble-ilme20 -kilpailun s\u00e4\u00e4nn\u00f6t"},"content":{"rendered":"\n<figure class=\"wp-block-image\"><img decoding=\"async\" src=\"\" alt=\"\"\/><\/figure>\n\n\n\n<p><a href=\"https:\/\/www.kimble.fi\/wordpress\/index.php\/kimble-ilme20\/\">Takaisin kilpailusivulle<\/a> <\/p>\n\n\n\n<p style=\"text-align:left\">P\u00e4ivitetty 4.4.2019<\/p>\n\n\n\n<hr class=\"wp-block-separator is-style-dots\"\/>\n\n\n\n<h4 class=\"wp-block-heading\"><strong>Kimble-ilme20 -kilpailun s\u00e4\u00e4nn\u00f6t<\/strong><\/h4>\n\n\n\n<p>Kilpailun tarkoituksena on l\u00f6yt\u00e4\u00e4 uusi, puhutteleva ja tuore visuaalinen toteutus klassiselle Kimble-pelille. <\/p>\n\n\n\n<p>Kilpailu\non suunnattu kaikille visuaalisen suunnittelun ammattilaisille ja opiskelijoille.<\/p>\n\n\n\n<p>Finalistien\nsuunnitelmista toteutetaan rajoitettu er\u00e4 Kimble-pelej\u00e4 myyt\u00e4v\u00e4ksi Tactic Games\nOy:n jakelukanavissa.<\/p>\n\n\n\n<p><strong>Aikataulu:<\/strong><\/p>\n\n\n\n<ul class=\"wp-block-list\"><li>Kilpailu alkaa 5.4.2019<\/li><li>Kilpailut\u00f6iden palautus 31.5.2019 klo 24:00 menness\u00e4<\/li><li>10 jatkoon p\u00e4\u00e4ssytt\u00e4 ty\u00f6t\u00e4 julkaistaan alkukarsinnan j\u00e4lkeen<\/li><li>Yleis\u00f6 \u00e4\u00e4nest\u00e4\u00e4 omaa suosikkiaan jatkoon p\u00e4\u00e4sseist\u00e4 t\u00f6ist\u00e4 <a rel=\"noreferrer noopener\" href=\"https:\/\/www.facebook.com\/kimble.fi\/\" target=\"_blank\">Kimblen Facebook -sivulla<\/a><\/li><li>kes\u00e4ll\u00e4 2019 <\/li><li>Tuomaristo valitsee finalistit (3 kpl) kes\u00e4n aikana ja tieto julkaistaan alkusyksyst\u00e4.<\/li><li>Voittaja ja yleis\u00f6n suosikki julkistetaan ja palkitaan lokakuussa 2019 j\u00e4rjestett\u00e4v\u00e4ss\u00e4 tapahtumassa. Tarkka paikka ja aika ilmoitetaan my\u00f6hemmin.<\/li><\/ul>\n\n\n\n<p><strong>Osallistuminen:<\/strong><\/p>\n\n\n\n<ul class=\"wp-block-list\"><li>Kilpailuty\u00f6t toimitetaan osoitteeseen kilpailu(at)kimble.fi 31.5.2019 menness\u00e4. <\/li><li><strong>Huom!<\/strong> Kilpailijan tulee toimittaa s\u00e4hk\u00f6postissa kilpailuty\u00f6n lis\u00e4ksi yhteystietonsa (etunimi, sukunimi, puhelinnumero ja s\u00e4hk\u00f6postiosoite).<\/li><li>Kilpailijan on luettava Kimble-ilme20 -kilpailun <a href=\"https:\/\/www.kimble.fi\/wordpress\/index.php\/kimble-ilme20\/kimble-ilme20-tietosuojaseloste\/\">tietosuojaseloste<\/a> ennen kilpailuun osallistumista. Osallistuessaan kilpailuun henkil\u00f6 vakuuttaa lukeneensa ja hyv\u00e4ksyv\u00e4ns\u00e4 ko. tietosuojaselosteen. Jatkoon p\u00e4\u00e4sseiden t\u00f6iden (10 kpl) suunnittelijoiden nimet julkaistaan kilpailun yhteydess\u00e4.<\/li><\/ul>\n\n\n\n<p><strong>Tekniset seikat:<\/strong><\/p>\n\n\n\n<ul class=\"wp-block-list\"><li>Kilpailuty\u00f6h\u00f6n kuuluu kolme osaa: Pakkauksen kansi, Kimble-lauta sek\u00e4 nappuloiden v\u00e4ri. <\/li><li>Kilpailuty\u00f6t toteutetaan kilpailusivulta ladattavissa olevaan aineistoon.<\/li><li>Valmiit ty\u00f6t tulee toimittaa png tai jpg -muotoon pakattuna. Suurin hyv\u00e4ksytty tiedostokoko s\u00e4hk\u00f6postitse on 5 Mt. Muutoin on k\u00e4ytett\u00e4v\u00e4 erillisi\u00e4 jakoty\u00f6kaluja.<\/li><li>Finaaliin p\u00e4\u00e4sseet ty\u00f6t tullaan pyyt\u00e4m\u00e4\u00e4n avoimina Adobe Illustrator ja\/tai Adobe PhotoShop -tiedostoina CMYK (FOGRA39) -muodossa pelien painamista varten. <\/li><li>Pakkauksen kannessa tulee n\u00e4ky\u00e4 Kimble\u00ae logo. Logo l\u00f6ytyy aineiston symbolikirjastosta. Logosta on saatavilla 2 vaihtoehtoa. Kilpailija saa valita kumpaa niist\u00e4 k\u00e4ytt\u00e4\u00e4.<\/li><li>Jos kilpailija lis\u00e4\u00e4 pakkauksen kanteen muuta teksti\u00e4, tulee sen olla muokattavissa lokalisointisyist\u00e4, jos suunnitelma p\u00e4\u00e4tyy tuotteeksi asti (finalistit).<\/li><\/ul>\n\n\n\n<p>Kilpailuun\nosallistumalla kilpailija hyv\u00e4ksyy kilpailun ehdot.<\/p>\n\n\n\n<p><strong>Ehdot:<\/strong><\/p>\n\n\n\n<ul class=\"wp-block-list\"><li>Kilpailuun osallistuvalla suunnittelijalla tulee\nolla kilpailuty\u00f6ns\u00e4 osalta t\u00e4ysi ja rajoittamaton tekij\u00e4noikeus. <\/li><li>Osallistujalla on yksinomainen juridinen\nvastuu suunnitelman aitoudesta. Plagiointi on ehdottomasti kielletty.<\/li><li>Kilpailuty\u00f6 ei saa olla sellaisenaan aiemmin julkaistu.\n<\/li><li>Suunnittelija ei saa julkaista kilpailuty\u00f6t\u00e4\u00e4n\nennen 10 parhaan jatkoon p\u00e4\u00e4sseen julkistamista. N\u00e4m\u00e4 10 jatkoon p\u00e4\u00e4ssytt\u00e4\njulkaistaan kimble.fi sivustolla ja jatkoon valituille ilmoitetaan my\u00f6s henkil\u00f6kohtaisesti.<\/li><li>Palkittujen finalistit\u00f6iden (3 kpl) kaikki\ntekij\u00e4noikeudet siirtyv\u00e4t Tactic Games Oy:lle erillisell\u00e4 sopimuksella.<\/li><li>Osallistumalla kilpailuun henkil\u00f6 todistaa\nlukeneensa ja hyv\u00e4ksyneens\u00e4 kilpailun tietosuojaselosteen (GDPR).<\/li><li>Tactic Games Oy:ll\u00e4 on oikeus k\u00e4ytt\u00e4\u00e4 ja\njulkaista voittajan nimi ja ty\u00f6 kaikissa yrityksen k\u00e4ytt\u00e4miss\u00e4\nmarkkinointikanavissa ilman erillist\u00e4 korvausta.<\/li><li>Tactic Games Oy pid\u00e4tt\u00e4\u00e4 oikeuden voittajaty\u00f6n\nmuokkaamiseen tuotantoon valmistamisen yhteydess\u00e4. T\u00e4m\u00e4 tarkoittaa visuaalisen\nkonseptin soveltamista esim. pakkausta ja s\u00e4\u00e4nt\u00f6j\u00e4 valmistettaessa.<\/li><li>Tactic Games Oy ja kilpailun finalistit (3\nkpl) tekev\u00e4t erikseen sopimuksen suunnitelman oikeuksien siirtymisest\u00e4 Tactic Games Oy:lle.<\/li><li>Tactic Games\nOy voi halutessaan tehd\u00e4 erikseen sopimuksen my\u00f6s muiden kilpailuun\nosallistujien kanssa, vaikka ty\u00f6 ei olisikaan tuomariston valitsema finalisti.<\/li><li>Tactic Games Oy&nbsp;ei vastaa\ntietoteknisist\u00e4 syist\u00e4 johtuvista ongelmista tai esteist\u00e4\nkilpailuun&nbsp;osallistumiseen tai palkinnon vastaanottamiseen.<\/li><li>Tactic Games Oy&nbsp;pid\u00e4tt\u00e4\u00e4\noikeuden hyl\u00e4t\u00e4 kilpailuun osallistumisen esille tulleen vilpillisen menettelyn\ntai ty\u00f6n muunlaisen sopimattomuuden vuoksi.<\/li><li>Tactic Games Oy&nbsp;pid\u00e4tt\u00e4\u00e4\noikeuden s\u00e4\u00e4nt\u00f6muutoksiin.<\/li><\/ul>\n\n\n\n<p><strong>Voittajien\nvalinta ja kilpailut\u00f6iden markkinointi<\/strong><\/p>\n\n\n\n<ul class=\"wp-block-list\"><li>Tactic Games Oy suorittaa kaikkien osallistuneiden joukosta alkukarsinnan ja valitsee 10 jatkoon p\u00e4\u00e4sev\u00e4\u00e4 ty\u00f6t\u00e4. Kilpailun tuomaristo kokoontuu erikseen m\u00e4\u00e4riteltyn\u00e4 ajankohtana valitsemaan kolme (3) finalistia n\u00e4iden 10 parhaan jatkoon p\u00e4\u00e4sseen ty\u00f6n joukosta.<\/li><li>Finalistit ja yleis\u00f6n suosikki kutsutaan lokakuussa 2019 j\u00e4rjestett\u00e4v\u00e4\u00e4n tilaisuuteen, jossa voittajat (1., 2. ja 3.sija) sek\u00e4 yleis\u00f6n suosikki julkaistaan ja palkitaan. Tarkka ajankohta ja paikka tiedotetaan l\u00e4hemp\u00e4n\u00e4.<\/li><li>Uudet Kimble-ilmeet (3 kpl) julkaistaan ja niit\u00e4 markkinoidaan kulloinkin k\u00e4ytett\u00e4viss\u00e4 markkinointikanavissa ja\/tai lehdist\u00f6ss\u00e4.<\/li><li>Uudet Kimble-ilmeet ovat my\u00f6s esill\u00e4 Tactic Games Oy:n kansainv\u00e4lisill\u00e4 kanavilla (tyt\u00e4ryhti\u00f6t, jakelukanavat sek\u00e4 messutapahtumat).<\/li><\/ul>\n\n\n\n<p><strong>Palkinnot:<\/strong><\/p>\n\n\n\n<ol class=\"wp-block-list\"><li>sija: 5.000\u20ac<\/li><li>sija: 3.000\u20ac<\/li><li>sija: 1.000\u20ac<\/li><li>Yleis\u00f6n suosikki: Tactic-tuotepalkinto ja diplomi<\/li><\/ol>\n\n\n\n<p><strong>Arviointiperusteet:<\/strong><\/p>\n\n\n\n<p>Tactic Games Oy ei halua rajoittaa luovaa\nsuunnitteluprosessia, vaan antaa suunnittelijoille vapaat k\u00e4det. Kilpailijoiden\non kuitenkin syyt\u00e4 pohtia tuotteen kaupallisuutta ja valmistettavuutta sek\u00e4\ntutustua Kimble-br\u00e4ndiin ja huomioida tuotteen kotimaisuus.<\/p>\n\n\n\n<ul class=\"wp-block-list\"><li>idean luovuus<\/li><li>visuaalinen viesti<\/li><li>suunnitelman uutuusarvo ja erottuvuus<\/li><\/ul>\n\n\n\n<p><strong>Yhteydet:<\/strong><\/p>\n\n\n\n<p>Kilpailun\netenemisest\u00e4 voi seurata kimble.fi -sivustolla sek\u00e4 <a href=\"https:\/\/www.facebook.com\/kimble.fi\/\" target=\"_blank\" rel=\"noreferrer noopener\">Kimblen Facebook\n-sivulla<\/a>.<\/p>\n\n\n\n<p>Ilmoitamme kilpailussa etenemisest\u00e4 henkil\u00f6kohtaisesti vain\njatkoon p\u00e4\u00e4sseille sek\u00e4 finaaliin valituille. Emme lupaa antaa kilpailut\u00f6ist\u00e4 palautetta.<\/p>\n\n\n\n<p>Kilpailua koskeviin kysymyksiin vastataan suomeksi ja englanniksi osoitteessa: kilpailu(at)kimble.fi<\/p>\n\n\n\n<p>Tiedot kilpailusta ovat\nsaatavilla vain suomeksi.<\/p>\n\n\n\n<p>Kimble\u00ae on Tactic Games Oy:n omistama ja hallinnoima tuotemerkki.<\/p>\n\n\n\n<figure class=\"wp-block-image\"><img decoding=\"async\" src=\"\" alt=\"\"\/><\/figure>\n","protected":false},"excerpt":{"rendered":"<p>Takaisin kilpailusivulle P\u00e4ivitetty 4.4.2019 Kimble-ilme20 -kilpailun s\u00e4\u00e4nn\u00f6t Kilpailun tarkoituksena on l\u00f6yt\u00e4\u00e4 uusi, puhutteleva ja tuore visuaalinen toteutus klassiselle Kimble-pelille. Kilpailu on suunnattu kaikille visuaalisen suunnittelun ammattilaisille ja opiskelijoille. Finalistien suunnitelmista toteutetaan rajoitettu er\u00e4 Kimble-pelej\u00e4&#46;&#46;&#46;<\/p>\n","protected":false},"author":2,"featured_media":0,"parent":1702,"menu_order":1,"comment_status":"closed","ping_status":"closed","template":"","meta":{"footnotes":""},"class_list":["post-1766","page","type-page","status-publish","hentry"],"_links":{"self":[{"href":"https:\/\/www.kimble.fi\/wordpress\/index.php\/wp-json\/wp\/v2\/pages\/1766"}],"collection":[{"href":"https:\/\/www.kimble.fi\/wordpress\/index.php\/wp-json\/wp\/v2\/pages"}],"about":[{"href":"https:\/\/www.kimble.fi\/wordpress\/index.php\/wp-json\/wp\/v2\/types\/page"}],"author":[{"embeddable":true,"href":"https:\/\/www.kimble.fi\/wordpress\/index.php\/wp-json\/wp\/v2\/users\/2"}],"replies":[{"embeddable":true,"href":"https:\/\/www.kimble.fi\/wordpress\/index.php\/wp-json\/wp\/v2\/comments?post=1766"}],"version-history":[{"count":10,"href":"https:\/\/www.kimble.fi\/wordpress\/index.php\/wp-json\/wp\/v2\/pages\/1766\/revisions"}],"predecessor-version":[{"id":1812,"href":"https:\/\/www.kimble.fi\/wordpress\/index.php\/wp-json\/wp\/v2\/pages\/1766\/revisions\/1812"}],"up":[{"embeddable":true,"href":"https:\/\/www.kimble.fi\/wordpress\/index.php\/wp-json\/wp\/v2\/pages\/1702"}],"wp:attachment":[{"href":"https:\/\/www.kimble.fi\/wordpress\/index.php\/wp-json\/wp\/v2\/media?parent=1766"}],"curies":[{"name":"wp","href":"https:\/\/api.w.org\/{rel}","templated":true}]}}