{"id":1793,"date":"2019-04-04T09:04:46","date_gmt":"2019-04-04T08:04:46","guid":{"rendered":"https:\/\/www.kimble.fi\/wordpress\/?page_id=1793"},"modified":"2019-04-04T09:17:05","modified_gmt":"2019-04-04T08:17:05","slug":"kimble-ilme20-tietosuojaseloste","status":"publish","type":"page","link":"https:\/\/www.kimble.fi\/wordpress\/index.php\/kimble-ilme20\/kimble-ilme20-tietosuojaseloste\/","title":{"rendered":"Kimble-ilme20 -kilpailun tietosuojaseloste"},"content":{"rendered":"\n<p><a href=\"https:\/\/www.kimble.fi\/wordpress\/index.php\/kimble-ilme20\/\">Takaisin kilpailusivulle<\/a><\/p>\n\n\n\n<h4 class=\"wp-block-heading\"><strong>Tactic Games Oy, tietosuojaseloste, Kimble-ilme20 -suunnittelukilpailu <\/strong><\/h4>\n\n\n\n<p>T\u00e4m\u00e4 on Yrityksen henkil\u00f6tietolain (10 ja 24 \u00a7) ja EU:n yleisen tietosuoja-asetuksen (GDPR) mukainen tietosuojaseloste. <\/p>\n\n\n\n<p>Laadittu 15.3.2019. <\/p>\n\n\n\n<p>Viimeisin muutos 15.3.2019.  <\/p>\n\n\n\n<p><strong>1. Rekisterinpit\u00e4j\u00e4 <\/strong><\/p>\n\n\n\n<p>Tactic Games Oy<\/p>\n\n\n\n<p>PL 4444<\/p>\n\n\n\n<p>28101 Pori <\/p>\n\n\n\n<p>info(at)tactic.net <\/p>\n\n\n\n<p><strong>2. Rekisterist\u00e4 vastaava yhteyshenkil\u00f6 <\/strong><\/p>\n\n\n\n<p>Jemina Heljakka, jemi.heljakka(at)tactic.net <\/p>\n\n\n\n<p><strong>3. Rekisterin nimi <\/strong><\/p>\n\n\n\n<p>Kimble-ilme20 -suunnittelukilpailu  <\/p>\n\n\n\n<p><strong>4. Oikeusperuste ja henkil\u00f6tietojen k\u00e4sittelyn tarkoitus <\/strong><\/p>\n\n\n\n<p>EU:n yleisen tietosuoja-asetuksen mukainen oikeusperuste henkil\u00f6tietojen k\u00e4sittelylle on henkil\u00f6n suostumus. <\/p>\n\n\n\n<p>Henkil\u00f6tietojen k\u00e4sittelyn tarkoitus on j\u00e4rjest\u00e4\u00e4 Kimble-ilmeen -suunnittelukilpailu sek\u00e4 suunniteltujen ilmeiden ja\/tai niiden pohjalta valmistettujen tuotteiden ja palveluiden markkinointi. <\/p>\n\n\n\n<p>Tietoja ei k\u00e4ytet\u00e4 automatisoituun p\u00e4\u00e4t\u00f6ksentekoon tai profilointiin. <\/p>\n\n\n\n<p><strong>5. Rekisterin tietosis\u00e4lt\u00f6 <\/strong><\/p>\n\n\n\n<p>Rekisteriin tallennettavia tietoja ovat: henkil\u00f6n nimi ja yhteystiedot (puhelinnumero, s\u00e4hk\u00f6postiosoite, osoite). <\/p>\n\n\n\n<p>Tietoja s\u00e4ilytet\u00e4\u00e4n vuoden 2019 loppuun saakka. <\/p>\n\n\n\n<p><strong>6. S\u00e4\u00e4nn\u00f6nmukaiset tietol\u00e4hteet <\/strong><\/p>\n\n\n\n<p>Rekisteriin tallennettavat tiedot saadaan kilpailijoiden osoitteeseen kilpailu@kimble.fi l\u00e4hetett\u00e4mist\u00e4 s\u00e4hk\u00f6postiviesteist\u00e4 tai muista tilanteista, joissa kilpailija luovuttaa tietojaan. <\/p>\n\n\n\n<p><strong>7. Tietojen s\u00e4\u00e4nn\u00f6nmukaiset luovutukset ja tietojen siirto EU:n tai ETA:n ulkopuolelle <\/strong><\/p>\n\n\n\n<p>Tietoja ei luovuteta s\u00e4\u00e4nn\u00f6nmukaisesti muille tahoille. Tietoja voidaan julkaista silt\u00e4 osin kuin niin on sovittu asiakkaan kanssa. <\/p>\n\n\n\n<p>Tietoja ei siirret\u00e4 rekisterinpit\u00e4j\u00e4n toimesta my\u00f6s EU:n tai ETA:n ulkopuolelle. <\/p>\n\n\n\n<p><strong>8. Rekisterin suojauksen periaatteet <\/strong><\/p>\n\n\n\n<p>Rekisterin k\u00e4sittelyss\u00e4 noudatetaan huolellisuutta ja tietoj\u00e4rjestelmien avulla k\u00e4sitelt\u00e4v\u00e4t tiedot suojataan asianmukaisesti. Kun rekisteritietoja s\u00e4ilytet\u00e4\u00e4n Internet-palvelimilla, niiden laitteiston fyysisest\u00e4 ja digitaalisesta tietoturvasta huolehditaan asiaankuuluvasti. Rekisterinpit\u00e4j\u00e4 huolehtii siit\u00e4, ett\u00e4 tallennettuja tietoja sek\u00e4 palvelimien k\u00e4ytt\u00f6oikeuksia ja muita henkil\u00f6tietojen turvallisuuden kannalta kriittisi\u00e4 tietoja k\u00e4sitell\u00e4\u00e4n luottamuksellisesti ja vain niiden ty\u00f6ntekij\u00f6iden toimesta, joiden ty\u00f6nkuvaan se kuuluu. <\/p>\n\n\n\n<p><strong>9. Tarkastusoikeus ja oikeus vaatia tiedon korjaamista<\/strong><\/p>\n\n\n\n<p> Jokaisella rekisteriss\u00e4 olevalla henkil\u00f6ll\u00e4 on oikeus tarkistaa rekisteriin tallennetut tietonsa ja vaatia mahdollisen virheellisen tiedon korjaamista tai puutteellisen tiedon t\u00e4ydent\u00e4mist\u00e4. Mik\u00e4li henkil\u00f6 haluaa tarkistaa h\u00e4nest\u00e4 tallennetut tiedot tai vaatia niihin oikaisua, pyynt\u00f6 tulee l\u00e4hett\u00e4\u00e4 kirjallisesti rekisterinpit\u00e4j\u00e4lle. Rekisterinpit\u00e4j\u00e4 voi pyyt\u00e4\u00e4 tarvittaessa pyynn\u00f6n esitt\u00e4j\u00e4\u00e4 todistamaan henkil\u00f6llisyytens\u00e4. Rekisterinpit\u00e4j\u00e4 vastaa asiakkaalle EU:n tietosuoja-asetuksessa s\u00e4\u00e4detyss\u00e4 ajassa eli kuukauden kuluessa. <\/p>\n\n\n\n<p><strong>10. Muut henkil\u00f6tietojen k\u00e4sittelyyn liittyv\u00e4t oikeudet <\/strong><\/p>\n\n\n\n<p>Rekisteriss\u00e4 olevalla henkil\u00f6ll\u00e4 on oikeus pyyt\u00e4\u00e4 h\u00e4nt\u00e4 koskevien henkil\u00f6tietojen poistamiseen rekisterist\u00e4 (&#8220;oikeus tulla unohdetuksi&#8221;). Niin ik\u00e4\u00e4n rekister\u00f6idyill\u00e4 on muut EU:n yleisen tietosuojaasetuksen mukaiset oikeudet kuten henkil\u00f6tietojen k\u00e4sittelyn rajoittaminen tietyiss\u00e4 tilanteissa. Pyynn\u00f6t tulee l\u00e4hett\u00e4\u00e4 kirjallisesti rekisterinpit\u00e4j\u00e4lle. Rekisterinpit\u00e4j\u00e4 voi pyyt\u00e4\u00e4 tarvittaessa pyynn\u00f6n esitt\u00e4j\u00e4\u00e4 todistamaan henkil\u00f6llisyytens\u00e4. Rekisterinpit\u00e4j\u00e4 vastaa asiakkaalle EU:n tietosuoja-asetuksessa s\u00e4\u00e4detyss\u00e4 ajassa eli kuukauden kuluessa. <\/p>\n\n\n\n<div class=\"wp-block-image\"><figure class=\"aligncenter is-resized\"><img loading=\"lazy\" decoding=\"async\" src=\"https:\/\/www.kimble.fi\/wordpress\/wp-content\/uploads\/2016\/12\/Tactic_Games_Oy_logo.png\" alt=\"\" class=\"wp-image-541\" width=\"224\" height=\"87\" srcset=\"https:\/\/www.kimble.fi\/wordpress\/wp-content\/uploads\/2016\/12\/Tactic_Games_Oy_logo.png 492w, https:\/\/www.kimble.fi\/wordpress\/wp-content\/uploads\/2016\/12\/Tactic_Games_Oy_logo-300x117.png 300w\" sizes=\"(max-width: 224px) 100vw, 224px\" \/><\/figure><\/div>\n","protected":false},"excerpt":{"rendered":"<p>Takaisin kilpailusivulle Tactic Games Oy, tietosuojaseloste, Kimble-ilme20 -suunnittelukilpailu T\u00e4m\u00e4 on Yrityksen henkil\u00f6tietolain (10 ja 24 \u00a7) ja EU:n yleisen tietosuoja-asetuksen (GDPR) mukainen tietosuojaseloste. Laadittu 15.3.2019. Viimeisin muutos 15.3.2019. 1. Rekisterinpit\u00e4j\u00e4 Tactic Games Oy PL&#46;&#46;&#46;<\/p>\n","protected":false},"author":2,"featured_media":0,"parent":1702,"menu_order":0,"comment_status":"closed","ping_status":"closed","template":"","meta":{"footnotes":""},"class_list":["post-1793","page","type-page","status-publish","hentry"],"_links":{"self":[{"href":"https:\/\/www.kimble.fi\/wordpress\/index.php\/wp-json\/wp\/v2\/pages\/1793"}],"collection":[{"href":"https:\/\/www.kimble.fi\/wordpress\/index.php\/wp-json\/wp\/v2\/pages"}],"about":[{"href":"https:\/\/www.kimble.fi\/wordpress\/index.php\/wp-json\/wp\/v2\/types\/page"}],"author":[{"embeddable":true,"href":"https:\/\/www.kimble.fi\/wordpress\/index.php\/wp-json\/wp\/v2\/users\/2"}],"replies":[{"embeddable":true,"href":"https:\/\/www.kimble.fi\/wordpress\/index.php\/wp-json\/wp\/v2\/comments?post=1793"}],"version-history":[{"count":5,"href":"https:\/\/www.kimble.fi\/wordpress\/index.php\/wp-json\/wp\/v2\/pages\/1793\/revisions"}],"predecessor-version":[{"id":1800,"href":"https:\/\/www.kimble.fi\/wordpress\/index.php\/wp-json\/wp\/v2\/pages\/1793\/revisions\/1800"}],"up":[{"embeddable":true,"href":"https:\/\/www.kimble.fi\/wordpress\/index.php\/wp-json\/wp\/v2\/pages\/1702"}],"wp:attachment":[{"href":"https:\/\/www.kimble.fi\/wordpress\/index.php\/wp-json\/wp\/v2\/media?parent=1793"}],"curies":[{"name":"wp","href":"https:\/\/api.w.org\/{rel}","templated":true}]}}