{"id":1849,"date":"2019-07-10T10:11:06","date_gmt":"2019-07-10T09:11:06","guid":{"rendered":"https:\/\/www.kimble.fi\/wordpress\/?page_id=1849"},"modified":"2019-10-26T14:36:02","modified_gmt":"2019-10-26T13:36:02","slug":"semifinalistit","status":"publish","type":"page","link":"https:\/\/www.kimble.fi\/wordpress\/index.php\/semifinalistit\/","title":{"rendered":"Kimble-ilme20 -yleis\u00f6\u00e4\u00e4nestys!"},"content":{"rendered":"\n<h2 class=\"wp-block-heading\"><strong>Kilpailu on p\u00e4\u00e4ttynyt!<\/strong><\/h2>\n\n\n\n<h4 class=\"wp-block-heading\"><strong>Kimble-ilme20 -kilpailun tulokset julkaistiin Helsingin Kirjamessuilla 26.10. klo 14:00<\/strong><\/h4>\n\n\n\n<p>Kimble-ilme20 -kilpailun voittaja on: Anna Polkutie. H\u00e4n on my\u00f6s selv\u00e4ll\u00e4 \u00e4\u00e4nim\u00e4\u00e4r\u00e4ll\u00e4 yleis\u00f6n suosikki. Onneksi olkoon Anna! Toiseksi kilpailussa sijoittui Terese Bast ja kolmanneksi Sanna Ahola. Onnittelemme ja kiit\u00e4mme Annaa, Terese\u00e4 ja Sannaa upeista Kimble-ilmeist\u00e4!<\/p>\n\n\n\n<p>Kaikista kolmesta finalisti-ilmeest\u00e4 tullaan valmistamaan rajattu  Kimble-painos myyt\u00e4v\u00e4ksi 2020 alkuvuodesta Tactic Games Oy:n  jakelukanavissa. <\/p>\n\n\n\n<p>Kiitos my\u00f6s mukana j\u00e4nnitt\u00e4neelle yleis\u00f6lle sek\u00e4 yhteisty\u00f6kumppanillemme Grafialle onnistuneesta tiimity\u00f6st\u00e4. <\/p>\n\n\n\n<p>Lis\u00e4tietoa <a href=\"https:\/\/www.kimble.fi\/wordpress\/index.php\/kimble-ilme20\/\">kilpailusta<\/a>.<\/p>\n\n\n\n<p><code><div class=\"rl-gallery-container rl-loading\" id=\"rl-gallery-container-1\" data-gallery_id=\"2297\"> <div class=\"rl-gallery rl-basicgrid-gallery \" id=\"rl-gallery-1\" data-gallery_no=\"1\"> <div class=\"rl-gallery-item\"><a href=\"https:\/\/www.kimble.fi\/wordpress\/wp-content\/uploads\/2019\/10\/Kimbleilme20_1-682x1024.png\" title=\"\" data-rl_title=\"\" class=\"rl-gallery-link\" data-rl_caption=\"\" data-rel=\"lightbox-gallery-1\"><img loading=\"lazy\" decoding=\"async\" src=\"https:\/\/www.kimble.fi\/wordpress\/wp-content\/uploads\/2019\/10\/Kimbleilme20_1-150x150.png\" width=\"150\" height=\"150\" alt=\"\"\/><\/a><\/div><div class=\"rl-gallery-item\"><a href=\"https:\/\/www.kimble.fi\/wordpress\/wp-content\/uploads\/2019\/10\/Kimbleilme20_4-1024x683.png\" title=\"\" data-rl_title=\"\" class=\"rl-gallery-link\" data-rl_caption=\"\" data-rel=\"lightbox-gallery-1\"><img loading=\"lazy\" decoding=\"async\" src=\"https:\/\/www.kimble.fi\/wordpress\/wp-content\/uploads\/2019\/10\/Kimbleilme20_4-150x150.png\" width=\"150\" height=\"150\" alt=\"\"\/><\/a><\/div><div class=\"rl-gallery-item\"><a href=\"https:\/\/www.kimble.fi\/wordpress\/wp-content\/uploads\/2019\/10\/Kimbleilme20_6-683x1024.png\" title=\"\" data-rl_title=\"\" class=\"rl-gallery-link\" data-rl_caption=\"\" data-rel=\"lightbox-gallery-1\"><img loading=\"lazy\" decoding=\"async\" src=\"https:\/\/www.kimble.fi\/wordpress\/wp-content\/uploads\/2019\/10\/Kimbleilme20_6-150x150.png\" width=\"150\" height=\"150\" alt=\"\"\/><\/a><\/div><div class=\"rl-gallery-item\"><a href=\"https:\/\/www.kimble.fi\/wordpress\/wp-content\/uploads\/2019\/10\/Kimbleilme20_2-1024x682.png\" title=\"\" data-rl_title=\"\" class=\"rl-gallery-link\" data-rl_caption=\"\" data-rel=\"lightbox-gallery-1\"><img loading=\"lazy\" decoding=\"async\" src=\"https:\/\/www.kimble.fi\/wordpress\/wp-content\/uploads\/2019\/10\/Kimbleilme20_2-150x150.png\" width=\"150\" height=\"150\" alt=\"\"\/><\/a><\/div><div class=\"rl-gallery-item\"><a href=\"https:\/\/www.kimble.fi\/wordpress\/wp-content\/uploads\/2019\/10\/Kimbleilme20_5-1024x683.png\" title=\"\" data-rl_title=\"\" class=\"rl-gallery-link\" data-rl_caption=\"\" data-rel=\"lightbox-gallery-1\"><img loading=\"lazy\" decoding=\"async\" src=\"https:\/\/www.kimble.fi\/wordpress\/wp-content\/uploads\/2019\/10\/Kimbleilme20_5-150x150.png\" width=\"150\" height=\"150\" alt=\"\"\/><\/a><\/div><div class=\"rl-gallery-item\"><a href=\"https:\/\/www.kimble.fi\/wordpress\/wp-content\/uploads\/2019\/10\/Kimbleilme20_3-1024x682.png\" title=\"\" data-rl_title=\"\" class=\"rl-gallery-link\" data-rl_caption=\"\" data-rel=\"lightbox-gallery-1\"><img loading=\"lazy\" decoding=\"async\" src=\"https:\/\/www.kimble.fi\/wordpress\/wp-content\/uploads\/2019\/10\/Kimbleilme20_3-150x150.png\" width=\"150\" height=\"150\" alt=\"\"\/><\/a><\/div><div class=\"rl-gallery-item\"><a href=\"https:\/\/www.kimble.fi\/wordpress\/wp-content\/uploads\/2019\/10\/Kimbleilme20_7-1024x682.png\" title=\"\" data-rl_title=\"\" class=\"rl-gallery-link\" data-rl_caption=\"\" data-rel=\"lightbox-gallery-1\"><img loading=\"lazy\" decoding=\"async\" src=\"https:\/\/www.kimble.fi\/wordpress\/wp-content\/uploads\/2019\/10\/Kimbleilme20_7-150x150.png\" width=\"150\" height=\"150\" alt=\"\"\/><\/a><\/div><div class=\"rl-gallery-item\"><a href=\"https:\/\/www.kimble.fi\/wordpress\/wp-content\/uploads\/2019\/10\/Kimbleilme20_8-1024x683.png\" title=\"\" data-rl_title=\"\" class=\"rl-gallery-link\" data-rl_caption=\"\" data-rel=\"lightbox-gallery-1\"><img loading=\"lazy\" decoding=\"async\" src=\"https:\/\/www.kimble.fi\/wordpress\/wp-content\/uploads\/2019\/10\/Kimbleilme20_8-150x150.png\" width=\"150\" height=\"150\" alt=\"\"\/><\/a><\/div> <\/div> <\/div><\/code><\/p>\n\n\n\n<hr class=\"wp-block-separator\"\/>\n\n\n\n<p><strong> Kimble-ilme20 -semifinalistien joukosta on nyt l\u00f6ytynyt kolme upeaa finalistia.<\/strong><\/p>\n\n\n\n<h4 class=\"wp-block-heading\"><strong>Onnea jatkoon p\u00e4\u00e4syst\u00e4 Sanna Ahola, Anna Polkutie ja Terese Bast!<\/strong><\/h4>\n\n\n\n<p>Finalistien haastattelut on nyt julkaistu ja ne voi k\u00e4yd\u00e4 lukemassa t\u00e4\u00e4lt\u00e4:<\/p>\n\n\n\n<ul class=\"wp-block-list\"><li><a href=\"https:\/\/www.kimble.fi\/wordpress\/index.php\/2019\/10\/07\/finalisti-terese-bast\/\">Terese Bast<\/a><\/li><li><a href=\"https:\/\/www.kimble.fi\/wordpress\/index.php\/2019\/10\/07\/finalisti-polkutie\/\">Anna Polkutie<\/a><\/li><li><a href=\"https:\/\/www.kimble.fi\/wordpress\/index.php\/2019\/10\/07\/finalisti-ahola\/\">Sanna Ahola<\/a><\/li><\/ul>\n\n\n\n<p> <strong>Voittaja julkistetaan Helsingin Kirjamessuilla<\/strong> <a rel=\"noreferrer noopener\" aria-label=\"palkintojenjakotilaisuudessa (avautuu uudessa v\u00e4lilehdess\u00e4)\" href=\"https:\/\/kirjamessut.messukeskus.com\/ohjelma\/749887\/kimble-ilme20-suunnittelukilpailu-tulosten-julkaisutilaisuus\/\" target=\"_blank\">palkintojenjakotilaisuudessa<\/a> 26.10. klo 14:00.<br> Kiit\u00e4mme kaikkia semifinalisteja ja onnittelemme k\u00e4rkikolmikkoa!<\/p>\n\n\n\n<div class=\"wp-block-image\"><figure class=\"aligncenter\"><img loading=\"lazy\" decoding=\"async\" width=\"1024\" height=\"453\" src=\"https:\/\/www.kimble.fi\/wordpress\/wp-content\/uploads\/2019\/09\/finalistit-1024x453.jpg\" alt=\"\" class=\"wp-image-2101\" srcset=\"https:\/\/www.kimble.fi\/wordpress\/wp-content\/uploads\/2019\/09\/finalistit-1024x453.jpg 1024w, https:\/\/www.kimble.fi\/wordpress\/wp-content\/uploads\/2019\/09\/finalistit-300x133.jpg 300w, https:\/\/www.kimble.fi\/wordpress\/wp-content\/uploads\/2019\/09\/finalistit-768x340.jpg 768w, https:\/\/www.kimble.fi\/wordpress\/wp-content\/uploads\/2019\/09\/finalistit.jpg 1920w\" sizes=\"(max-width: 1024px) 100vw, 1024px\" \/><\/figure><\/div>\n\n\n\n<p class=\"has-text-color has-very-dark-gray-color\">*Kuvan numerot ovat semifinaalivaiheen yleis\u00f6\u00e4\u00e4nestyksen numeroita.  Suunnittelukilpailun sijat 1, 2 ja 3 sek\u00e4 yleis\u00f6nsuosikki julkistetaan Kirjamessuilla.<\/p>\n\n\n\n<hr class=\"wp-block-separator is-style-dots\"\/>\n\n\n\n<div class=\"wp-block-image\"><figure class=\"alignright is-resized\"><a href=\"https:\/\/www.kimble.fi\/wordpress\/index.php\/kimble-ilme20\/\"><img loading=\"lazy\" decoding=\"async\" src=\"https:\/\/www.kimble.fi\/wordpress\/wp-content\/uploads\/2016\/12\/Kimble-ilme20_banneri_400x300px.png\" alt=\"Kimble-ilme20 -kilpailu\" class=\"wp-image-1839\" width=\"283\" height=\"188\" srcset=\"https:\/\/www.kimble.fi\/wordpress\/wp-content\/uploads\/2016\/12\/Kimble-ilme20_banneri_400x300px.png 504w, https:\/\/www.kimble.fi\/wordpress\/wp-content\/uploads\/2016\/12\/Kimble-ilme20_banneri_400x300px-300x200.png 300w\" sizes=\"(max-width: 283px) 100vw, 283px\" \/><\/a><\/figure><\/div>\n\n\n\n<h2 class=\"wp-block-heading\"><strong>Kimble-ilme20 -semifinalistit!<\/strong><\/h2>\n\n\n\n<p>J\u00e4rjestimme yhteisty\u00f6ss\u00e4 <strong>Grafia<\/strong>:n kanssa <a rel=\"noreferrer noopener\" href=\"https:\/\/www.kimble.fi\/wordpress\/index.php\/kimble-ilme20\/\">Kimble-ilme20 -kilpailun<\/a> visuaalisen suunnittelun ammattilaisille ja opiskelijoille.<strong> <\/strong><\/p>\n\n\n\n<p><strong>T\u00e4ll\u00e4 sivulla esittelemme 10 jatkoon p\u00e4\u00e4ssytt\u00e4 Kimble-ilmett\u00e4 satunnaisessa j\u00e4rjestyksess\u00e4. <\/strong><\/p>\n\n\n\n<figure class=\"wp-block-image alignwide\"><img loading=\"lazy\" decoding=\"async\" width=\"1024\" height=\"244\" src=\"https:\/\/www.kimble.fi\/wordpress\/wp-content\/uploads\/2019\/07\/KimbleIlme20_yleisonsuosikki-1024x244.png\" alt=\"\" class=\"wp-image-1862\" srcset=\"https:\/\/www.kimble.fi\/wordpress\/wp-content\/uploads\/2019\/07\/KimbleIlme20_yleisonsuosikki-1024x244.png 1024w, https:\/\/www.kimble.fi\/wordpress\/wp-content\/uploads\/2019\/07\/KimbleIlme20_yleisonsuosikki-300x71.png 300w, https:\/\/www.kimble.fi\/wordpress\/wp-content\/uploads\/2019\/07\/KimbleIlme20_yleisonsuosikki-768x183.png 768w, https:\/\/www.kimble.fi\/wordpress\/wp-content\/uploads\/2019\/07\/KimbleIlme20_yleisonsuosikki.png 1500w\" sizes=\"(max-width: 1024px) 100vw, 1024px\" \/><\/figure>\n\n\n\n<p>Kilpailuun otti osaa lukuisa joukko visuaalisen alan osaajia upeilla kilpailut\u00f6ill\u00e4. Teht\u00e4v\u00e4n\u00e4 oli suunnitella Kimblelle uusi graafinen ilme: kansi + pelilauta.&nbsp; <\/p>\n\n\n\n<p>Jatkoon p\u00e4\u00e4siv\u00e4t seuraavien suunnittelijoiden ty\u00f6t: 1. Miila Westin, 2. Sanna Ahola, 3. Emilia Alm, 4. Anna Polkutie, 5. Sarianna Forsstr\u00f6m, 6. Tuomas K\u00e4rkk\u00e4inen, 7. Terese Bast, 8. Sara Lindborg, 9. Jonna Markkula sek\u00e4 10. Sanna Lehti (satunnaisessa j\u00e4rjestyksess\u00e4).<\/p>\n\n\n\n<p><strong>Onnittelut jatkoon valituille upeista kilpailut\u00f6ist\u00e4 ja l\u00e4mmin kiitos kaikille kilpailuun osallistuneille suunnittelijoille.<\/strong> <\/p>\n\n\n\n<div class=\"rl-gallery-container rl-loading\" id=\"rl-gallery-container-2\" data-gallery_id=\"1868\"> <div class=\"rl-gallery rl-basicgrid-gallery \" id=\"rl-gallery-2\" data-gallery_no=\"2\"> <div class=\"rl-gallery-item\"><a href=\"https:\/\/www.kimble.fi\/wordpress\/wp-content\/uploads\/2019\/07\/kisakuvat_1.png\" title=\"\" data-rl_title=\"\" class=\"rl-gallery-link\" data-rl_caption=\"\" data-rel=\"lightbox-gallery-2\"><img loading=\"lazy\" decoding=\"async\" src=\"https:\/\/www.kimble.fi\/wordpress\/wp-content\/uploads\/2019\/07\/kisakuvat_1-300x194.png\" width=\"300\" height=\"194\" alt=\"\"\/><\/a><\/div><div class=\"rl-gallery-item\"><a href=\"https:\/\/www.kimble.fi\/wordpress\/wp-content\/uploads\/2019\/07\/kisakuvat_2.png\" title=\"\" data-rl_title=\"\" class=\"rl-gallery-link\" data-rl_caption=\"\" data-rel=\"lightbox-gallery-2\"><img loading=\"lazy\" decoding=\"async\" src=\"https:\/\/www.kimble.fi\/wordpress\/wp-content\/uploads\/2019\/07\/kisakuvat_2-300x194.png\" width=\"300\" height=\"194\" alt=\"\"\/><\/a><\/div><div class=\"rl-gallery-item\"><a href=\"https:\/\/www.kimble.fi\/wordpress\/wp-content\/uploads\/2019\/07\/kisakuvat_3.png\" title=\"\" data-rl_title=\"\" class=\"rl-gallery-link\" data-rl_caption=\"\" data-rel=\"lightbox-gallery-2\"><img loading=\"lazy\" decoding=\"async\" src=\"https:\/\/www.kimble.fi\/wordpress\/wp-content\/uploads\/2019\/07\/kisakuvat_3-300x194.png\" width=\"300\" height=\"194\" alt=\"\"\/><\/a><\/div><div class=\"rl-gallery-item\"><a href=\"https:\/\/www.kimble.fi\/wordpress\/wp-content\/uploads\/2019\/07\/kisakuvat_4.png\" title=\"\" data-rl_title=\"\" class=\"rl-gallery-link\" data-rl_caption=\"\" data-rel=\"lightbox-gallery-2\"><img loading=\"lazy\" decoding=\"async\" src=\"https:\/\/www.kimble.fi\/wordpress\/wp-content\/uploads\/2019\/07\/kisakuvat_4-300x194.png\" width=\"300\" height=\"194\" alt=\"\"\/><\/a><\/div><div class=\"rl-gallery-item\"><a href=\"https:\/\/www.kimble.fi\/wordpress\/wp-content\/uploads\/2019\/07\/kisakuvat_5.png\" title=\"\" data-rl_title=\"\" class=\"rl-gallery-link\" data-rl_caption=\"\" data-rel=\"lightbox-gallery-2\"><img loading=\"lazy\" decoding=\"async\" src=\"https:\/\/www.kimble.fi\/wordpress\/wp-content\/uploads\/2019\/07\/kisakuvat_5-300x194.png\" width=\"300\" height=\"194\" alt=\"\"\/><\/a><\/div><div class=\"rl-gallery-item\"><a href=\"https:\/\/www.kimble.fi\/wordpress\/wp-content\/uploads\/2019\/07\/kisakuvat_6.png\" title=\"\" data-rl_title=\"\" class=\"rl-gallery-link\" data-rl_caption=\"\" data-rel=\"lightbox-gallery-2\"><img loading=\"lazy\" decoding=\"async\" src=\"https:\/\/www.kimble.fi\/wordpress\/wp-content\/uploads\/2019\/07\/kisakuvat_6-300x194.png\" width=\"300\" height=\"194\" alt=\"\"\/><\/a><\/div><div class=\"rl-gallery-item\"><a href=\"https:\/\/www.kimble.fi\/wordpress\/wp-content\/uploads\/2019\/07\/kisakuvat_7-1.png\" title=\"\" data-rl_title=\"\" class=\"rl-gallery-link\" data-rl_caption=\"\" data-rel=\"lightbox-gallery-2\"><img loading=\"lazy\" decoding=\"async\" src=\"https:\/\/www.kimble.fi\/wordpress\/wp-content\/uploads\/2019\/07\/kisakuvat_7-1-300x194.png\" width=\"300\" height=\"194\" alt=\"\"\/><\/a><\/div><div class=\"rl-gallery-item\"><a href=\"https:\/\/www.kimble.fi\/wordpress\/wp-content\/uploads\/2019\/07\/kisakuvat_8-1.png\" title=\"\" data-rl_title=\"\" class=\"rl-gallery-link\" data-rl_caption=\"\" data-rel=\"lightbox-gallery-2\"><img loading=\"lazy\" decoding=\"async\" src=\"https:\/\/www.kimble.fi\/wordpress\/wp-content\/uploads\/2019\/07\/kisakuvat_8-1-300x194.png\" width=\"300\" height=\"194\" alt=\"\"\/><\/a><\/div><div class=\"rl-gallery-item\"><a href=\"https:\/\/www.kimble.fi\/wordpress\/wp-content\/uploads\/2019\/07\/kisakuvat_9.png\" title=\"\" data-rl_title=\"\" class=\"rl-gallery-link\" data-rl_caption=\"\" data-rel=\"lightbox-gallery-2\"><img loading=\"lazy\" decoding=\"async\" src=\"https:\/\/www.kimble.fi\/wordpress\/wp-content\/uploads\/2019\/07\/kisakuvat_9-300x194.png\" width=\"300\" height=\"194\" alt=\"\"\/><\/a><\/div><div class=\"rl-gallery-item\"><a href=\"https:\/\/www.kimble.fi\/wordpress\/wp-content\/uploads\/2019\/07\/kisakuvat_10.png\" title=\"\" data-rl_title=\"\" class=\"rl-gallery-link\" data-rl_caption=\"\" data-rel=\"lightbox-gallery-2\"><img loading=\"lazy\" decoding=\"async\" src=\"https:\/\/www.kimble.fi\/wordpress\/wp-content\/uploads\/2019\/07\/kisakuvat_10-300x194.png\" width=\"300\" height=\"194\" alt=\"\"\/><\/a><\/div> <\/div> <\/div>\n\n\n\n<p><strong>Valintakriteerit<\/strong>. Annoimme suunnittelijoille vapaat k\u00e4det luoda visionsa mukainen kilpailuty\u00f6. Pyysimme suunnittelijoita kuitenkin tutustumaan Kimble-br\u00e4ndiin sek\u00e4 huomioimaan pelin kaupallisuus, valmistettavuus ja kotimaisuus. 10 parhaan joukkoon&nbsp;valikoitui joukko eri tavoin puhuttelevia ja erilaisia kohderyhmi\u00e4 tavoittelevia ilmeit\u00e4. N\u00e4iss\u00e4 t\u00f6iss\u00e4 mm. v\u00e4rien k\u00e4ytt\u00f6, leikkimielisyys, rohkea ja moderni ote sek\u00e4 teemoittelun syvyys tekiv\u00e4t vaikutuksen.<\/p>\n\n\n\n<p><strong>Finaali. <\/strong>Virallinen tuomaristo valitsee 10 parhaan ty\u00f6n joukosta finalistit (3kpl) kuluvan kes\u00e4n aikana. Finalistien suunnitelmista toteutetaan rajoitettu er\u00e4 Kimble-pelej\u00e4. Voittaja ja yleis\u00f6n suosikki julkistetaan ja palkitaan lokakuussa 2019. Ilmoitamme tulokset t\u00e4ll\u00e4 sivulla sek\u00e4 Kimblen Facebook-sivulla.<\/p>\n\n\n\n<p>Kimble\u00ae on Tactic Games Oy:n omistama tuotemerkki. <\/p>\n\n\n\n<h3 class=\"wp-block-heading\"><strong>Yleis\u00f6n suosikki<\/strong> <strong>-\u00e4\u00e4nestys on p\u00e4\u00e4ttynyt!<\/strong><\/h3>\n\n\n\n<p>\u00c4\u00e4nest\u00e4 suosikkiasi <a rel=\"noreferrer noopener\" href=\"https:\/\/www.facebook.com\/kimble.fi\/\" target=\"_blank\">Kimblen Facebook-sivulla<\/a> ja voit voittaa upeita Tactic-tuotepalkintoja. <strong> \u00c4\u00e4nestysaikaa on 12.8.2019 klo 10:00 saakka.<\/strong><\/p>\n\n\n\n<p>Tarkemmat tiedot ja osallistumisohjeet l\u00f6yd\u00e4t Kimblen <a rel=\"noreferrer noopener\" aria-label=\"FB-sivulta (avautuu uudessa v\u00e4lilehdess\u00e4)\" href=\"https:\/\/www.facebook.com\/kimble.fi\/\" target=\"_blank\">FB-sivulta<\/a>.<\/p>\n\n\n\n<p><strong>FB-kilpailun palkinnot:<\/strong><\/p>\n\n\n\n<ul class=\"wp-block-list\"><li>Tactic-tuotepaketti, joka sis\u00e4lt\u00e4\u00e4 Original Alias-, M\u00f6lkky- ja Kimble-pelit, 1kpl<\/li><li>Ivana Helsingin suunnittelemia Herbario Kimble-pelej\u00e4, 5kpl -&gt;<a href=\"https:\/\/www.kimble.fi\/wordpress\/index.php\/tuotteet\/original-kimble\/\"> <\/a><a href=\"https:\/\/www.kimble.fi\/wordpress\/index.php\/herbario-kimble\/\">tuotesivulle<\/a><\/li><\/ul>\n\n\n\n<div class=\"rl-gallery-container rl-loading\" id=\"rl-gallery-container-3\" data-gallery_id=\"1870\"> <div class=\"rl-gallery rl-basicgrid-gallery \" id=\"rl-gallery-3\" data-gallery_no=\"3\"> <div class=\"rl-gallery-item\"><a href=\"https:\/\/www.kimble.fi\/wordpress\/wp-content\/uploads\/2019\/07\/alias_m\u00f6lkky_kimble-1-1024x854.png\" title=\"\" data-rl_title=\"\" class=\"rl-gallery-link\" data-rl_caption=\"\" data-rel=\"lightbox-gallery-3\"><img loading=\"lazy\" decoding=\"async\" src=\"https:\/\/www.kimble.fi\/wordpress\/wp-content\/uploads\/2019\/07\/alias_m\u00f6lkky_kimble-1-300x250.png\" width=\"300\" height=\"250\" alt=\"\"\/><\/a><\/div><div class=\"rl-gallery-item\"><a href=\"https:\/\/www.kimble.fi\/wordpress\/wp-content\/uploads\/2019\/03\/Ivana_Helsinki_KIMBLE_boxi-1-1024x683.png\" title=\"\" data-rl_title=\"\" class=\"rl-gallery-link\" data-rl_caption=\"\" data-rel=\"lightbox-gallery-3\"><img loading=\"lazy\" decoding=\"async\" src=\"https:\/\/www.kimble.fi\/wordpress\/wp-content\/uploads\/2019\/03\/Ivana_Helsinki_KIMBLE_boxi-1-300x200.png\" width=\"300\" height=\"200\" alt=\"\"\/><\/a><\/div> <\/div> <\/div>\n","protected":false},"excerpt":{"rendered":"<p>Kilpailu on p\u00e4\u00e4ttynyt! Kimble-ilme20 -kilpailun tulokset julkaistiin Helsingin Kirjamessuilla 26.10. klo 14:00 Kimble-ilme20 -kilpailun voittaja on: Anna Polkutie. H\u00e4n on my\u00f6s selv\u00e4ll\u00e4 \u00e4\u00e4nim\u00e4\u00e4r\u00e4ll\u00e4 yleis\u00f6n suosikki. Onneksi olkoon Anna! Toiseksi kilpailussa sijoittui Terese Bast ja&#46;&#46;&#46;<\/p>\n","protected":false},"author":2,"featured_media":1886,"parent":0,"menu_order":0,"comment_status":"closed","ping_status":"closed","template":"","meta":{"footnotes":""},"class_list":["post-1849","page","type-page","status-publish","has-post-thumbnail","hentry"],"_links":{"self":[{"href":"https:\/\/www.kimble.fi\/wordpress\/index.php\/wp-json\/wp\/v2\/pages\/1849"}],"collection":[{"href":"https:\/\/www.kimble.fi\/wordpress\/index.php\/wp-json\/wp\/v2\/pages"}],"about":[{"href":"https:\/\/www.kimble.fi\/wordpress\/index.php\/wp-json\/wp\/v2\/types\/page"}],"author":[{"embeddable":true,"href":"https:\/\/www.kimble.fi\/wordpress\/index.php\/wp-json\/wp\/v2\/users\/2"}],"replies":[{"embeddable":true,"href":"https:\/\/www.kimble.fi\/wordpress\/index.php\/wp-json\/wp\/v2\/comments?post=1849"}],"version-history":[{"count":70,"href":"https:\/\/www.kimble.fi\/wordpress\/index.php\/wp-json\/wp\/v2\/pages\/1849\/revisions"}],"predecessor-version":[{"id":2312,"href":"https:\/\/www.kimble.fi\/wordpress\/index.php\/wp-json\/wp\/v2\/pages\/1849\/revisions\/2312"}],"wp:featuredmedia":[{"embeddable":true,"href":"https:\/\/www.kimble.fi\/wordpress\/index.php\/wp-json\/wp\/v2\/media\/1886"}],"wp:attachment":[{"href":"https:\/\/www.kimble.fi\/wordpress\/index.php\/wp-json\/wp\/v2\/media?parent=1849"}],"curies":[{"name":"wp","href":"https:\/\/api.w.org\/{rel}","templated":true}]}}