{"id":1944,"date":"2019-08-06T06:21:46","date_gmt":"2019-08-06T05:21:46","guid":{"rendered":"https:\/\/www.kimble.fi\/wordpress\/?page_id=1944"},"modified":"2022-04-20T07:50:44","modified_gmt":"2022-04-20T06:50:44","slug":"kimble-twist","status":"publish","type":"page","link":"https:\/\/www.kimble.fi\/wordpress\/index.php\/tuotteet\/kimble-twist\/","title":{"rendered":"Kimble Twist"},"content":{"rendered":"<div class=\"column-group columns-2\"><div class=\"column column-number-1 column-span-1\"><\/p>\n<p><img loading=\"lazy\" decoding=\"async\" class=\"alignnone wp-image-1945\" src=\"https:\/\/www.kimble.fi\/wordpress\/wp-content\/uploads\/2019\/08\/55925_Kimble_Twist-276x300.jpg\" alt=\"\" width=\"504\" height=\"547\" srcset=\"https:\/\/www.kimble.fi\/wordpress\/wp-content\/uploads\/2019\/08\/55925_Kimble_Twist-276x300.jpg 276w, https:\/\/www.kimble.fi\/wordpress\/wp-content\/uploads\/2019\/08\/55925_Kimble_Twist-768x833.jpg 768w, https:\/\/www.kimble.fi\/wordpress\/wp-content\/uploads\/2019\/08\/55925_Kimble_Twist-944x1024.jpg 944w, https:\/\/www.kimble.fi\/wordpress\/wp-content\/uploads\/2019\/08\/55925_Kimble_Twist.jpg 1644w\" sizes=\"(max-width: 504px) 100vw, 504px\" \/><\/p>\n<p>\u00a0<\/p>\n<p>\n<\/div><div class=\"column column-number-2 last column-span-1\"><\/p>\n<p><span style=\"color: #808080;\"><strong>UUTTA 2019!<\/strong> Nyt alkaa takaa-ajo, josta ei vaarallisia tilanteita puutu! Tuttu Kimble-peli on saanut uuden ilmeen ja uusia odottamattomia k\u00e4\u00e4nteit\u00e4! Kisaa ymp\u00e4ri pelilautaa ja yrit\u00e4 vied\u00e4 pelinappulasi turvaan kotipes\u00e4\u00e4n, mutta varo mutkittelevaa reitti\u00e4 ja k\u00e4\u00e4ntyilev\u00e4\u00e4 pelilautaa! \u00a0<\/span><\/p>\n<p><span style=\"color: #808080;\"> Rakastettu peliklassikko on p\u00e4ivitetty uusin j\u00e4nnityst\u00e4 lis\u00e4\u00e4vin toiminnoin! <\/span><span style=\"color: #808080;\">Peli sis\u00e4lt\u00e4\u00e4 kest\u00e4v\u00e4n muovisen pelilaudan sek\u00e4 pelinappulat. <\/span><span style=\"color: #808080;\">Pelin kulku on vanha tuttu, mutta se sis\u00e4lt\u00e4\u00e4 uusia strategisia mahdollisuuksia!<\/span><\/p>\n<p>Lue peliarvostelu <a href=\"https:\/\/www.kimble.fi\/wordpress\/index.php\/2019\/09\/23\/pelitestissa-kimble-twist\/\">t\u00e4\u00e4lt\u00e4.<\/a><\/p>\n<ul>\n<li><span style=\"color: #808080;\">Ik\u00e4suositus: 6+<\/span><\/li>\n<li><span style=\"color: #808080;\">Pelaajia: 2-4<\/span><\/li>\n<li><span style=\"color: #808080;\">Pelin kesto: 30+ min.<\/span><img loading=\"lazy\" decoding=\"async\" class=\"wp-image-1946 alignright\" src=\"https:\/\/www.kimble.fi\/wordpress\/wp-content\/uploads\/2019\/08\/55925_Kimble_Twist2.jpg\" alt=\"\" width=\"500\" height=\"386\" srcset=\"https:\/\/www.kimble.fi\/wordpress\/wp-content\/uploads\/2019\/08\/55925_Kimble_Twist2.jpg 2067w, https:\/\/www.kimble.fi\/wordpress\/wp-content\/uploads\/2019\/08\/55925_Kimble_Twist2-300x231.jpg 300w, https:\/\/www.kimble.fi\/wordpress\/wp-content\/uploads\/2019\/08\/55925_Kimble_Twist2-768x592.jpg 768w, https:\/\/www.kimble.fi\/wordpress\/wp-content\/uploads\/2019\/08\/55925_Kimble_Twist2-1024x790.jpg 1024w\" sizes=\"(max-width: 500px) 100vw, 500px\" \/><\/li>\n<\/ul>\n<p><a href=\"https:\/\/games.tactic.net\/tuote\/kimble-twist\/\" target=\"_blank\" rel=\"noopener noreferrer\"><img loading=\"lazy\" decoding=\"async\" class=\"alignright wp-image-690 size-full\" src=\"https:\/\/www.kimble.fi\/wordpress\/wp-content\/uploads\/2017\/01\/kauppaan.png\" alt=\"\" width=\"171\" height=\"58\" \/><\/a><br \/><br clear=\"all\" \/><\/p>\n<p>\n<\/div><\/div>\n<p>\u00a0<\/p>\n<hr \/>\n\n\n<p><div class=\"rl-gallery-container rl-loading\" id=\"rl-gallery-container-1\" data-gallery_id=\"1961\"> <div class=\"rl-gallery rl-basicgrid-gallery \" id=\"rl-gallery-1\" data-gallery_no=\"1\"> <div class=\"rl-gallery-item\"><a href=\"https:\/\/www.kimble.fi\/wordpress\/wp-content\/uploads\/2019\/08\/Kimble-Twist4.png\" title=\"\" data-rl_title=\"\" class=\"rl-gallery-link\" data-rl_caption=\"\" data-rel=\"lightbox-gallery-1\"><img loading=\"lazy\" decoding=\"async\" src=\"https:\/\/www.kimble.fi\/wordpress\/wp-content\/uploads\/2019\/08\/Kimble-Twist4-320x320.png\" width=\"320\" height=\"320\" alt=\"\"\/><\/a><\/div><div class=\"rl-gallery-item\"><a href=\"https:\/\/www.kimble.fi\/wordpress\/wp-content\/uploads\/2019\/08\/Kimble-Twist1.png\" title=\"\" data-rl_title=\"\" class=\"rl-gallery-link\" data-rl_caption=\"\" data-rel=\"lightbox-gallery-1\"><img loading=\"lazy\" decoding=\"async\" src=\"https:\/\/www.kimble.fi\/wordpress\/wp-content\/uploads\/2019\/08\/Kimble-Twist1-320x320.png\" width=\"320\" height=\"320\" alt=\"\"\/><\/a><\/div><div class=\"rl-gallery-item\"><a href=\"https:\/\/www.kimble.fi\/wordpress\/wp-content\/uploads\/2019\/08\/Kimble-Twist3.png\" title=\"\" data-rl_title=\"\" class=\"rl-gallery-link\" data-rl_caption=\"\" data-rel=\"lightbox-gallery-1\"><img loading=\"lazy\" decoding=\"async\" src=\"https:\/\/www.kimble.fi\/wordpress\/wp-content\/uploads\/2019\/08\/Kimble-Twist3-320x320.png\" width=\"320\" height=\"320\" alt=\"\"\/><\/a><\/div><div class=\"rl-gallery-item\"><a href=\"https:\/\/www.kimble.fi\/wordpress\/wp-content\/uploads\/2019\/08\/Kimble-Twist2.png\" title=\"\" data-rl_title=\"\" class=\"rl-gallery-link\" data-rl_caption=\"\" data-rel=\"lightbox-gallery-1\"><img loading=\"lazy\" decoding=\"async\" src=\"https:\/\/www.kimble.fi\/wordpress\/wp-content\/uploads\/2019\/08\/Kimble-Twist2-320x320.png\" width=\"320\" height=\"320\" alt=\"\"\/><\/a><\/div> <\/div> <\/div>\n\n<p><iframe position:absolute;=\"\" top:0;=\"\" left:0;=\"\" width:100%;=\"\" height:100%=\"\" src=\"https:\/\/www.youtube.com\/embed\/uxpBY-H5iys?rel=0\" frameborder=\"0\" allow=\"accelerometer; autoplay; encrypted-media; gyroscope; picture-in-picture\" allowfullscreen=\"\"><\/iframe><\/p><\/p>\n","protected":false},"excerpt":{"rendered":"<p>\u00a0<\/p>\n","protected":false},"author":2,"featured_media":0,"parent":7,"menu_order":5,"comment_status":"closed","ping_status":"closed","template":"","meta":{"footnotes":""},"class_list":["post-1944","page","type-page","status-publish","hentry"],"_links":{"self":[{"href":"https:\/\/www.kimble.fi\/wordpress\/index.php\/wp-json\/wp\/v2\/pages\/1944"}],"collection":[{"href":"https:\/\/www.kimble.fi\/wordpress\/index.php\/wp-json\/wp\/v2\/pages"}],"about":[{"href":"https:\/\/www.kimble.fi\/wordpress\/index.php\/wp-json\/wp\/v2\/types\/page"}],"author":[{"embeddable":true,"href":"https:\/\/www.kimble.fi\/wordpress\/index.php\/wp-json\/wp\/v2\/users\/2"}],"replies":[{"embeddable":true,"href":"https:\/\/www.kimble.fi\/wordpress\/index.php\/wp-json\/wp\/v2\/comments?post=1944"}],"version-history":[{"count":14,"href":"https:\/\/www.kimble.fi\/wordpress\/index.php\/wp-json\/wp\/v2\/pages\/1944\/revisions"}],"predecessor-version":[{"id":2510,"href":"https:\/\/www.kimble.fi\/wordpress\/index.php\/wp-json\/wp\/v2\/pages\/1944\/revisions\/2510"}],"up":[{"embeddable":true,"href":"https:\/\/www.kimble.fi\/wordpress\/index.php\/wp-json\/wp\/v2\/pages\/7"}],"wp:attachment":[{"href":"https:\/\/www.kimble.fi\/wordpress\/index.php\/wp-json\/wp\/v2\/media?parent=1944"}],"curies":[{"name":"wp","href":"https:\/\/api.w.org\/{rel}","templated":true}]}}