{"id":21,"date":"2016-11-09T12:59:08","date_gmt":"2016-11-09T12:59:08","guid":{"rendered":"http:\/\/www.kimble.fi\/wordpress\/?page_id=21"},"modified":"2019-04-04T13:24:35","modified_gmt":"2019-04-04T12:24:35","slug":"kimble-50","status":"publish","type":"page","link":"https:\/\/www.kimble.fi\/wordpress\/index.php\/kimble-50\/","title":{"rendered":"Kimble 50"},"content":{"rendered":"<p><img loading=\"lazy\" decoding=\"async\" class=\"alignnone size-full wp-image-1365\" src=\"https:\/\/www.kimble.fi\/wordpress\/wp-content\/uploads\/2016\/11\/Kimble_50_merkki-1.png\" alt=\"\" width=\"1164\" height=\"297\" srcset=\"https:\/\/www.kimble.fi\/wordpress\/wp-content\/uploads\/2016\/11\/Kimble_50_merkki-1.png 1164w, https:\/\/www.kimble.fi\/wordpress\/wp-content\/uploads\/2016\/11\/Kimble_50_merkki-1-300x77.png 300w, https:\/\/www.kimble.fi\/wordpress\/wp-content\/uploads\/2016\/11\/Kimble_50_merkki-1-768x196.png 768w, https:\/\/www.kimble.fi\/wordpress\/wp-content\/uploads\/2016\/11\/Kimble_50_merkki-1-1024x261.png 1024w\" sizes=\"(max-width: 1164px) 100vw, 1164px\" \/><\/p>\n<p><strong><span style=\"color: #808080;\">PUOLI VUOSISATAA SUOMALAISIA PELEJ\u00c4<\/span><\/strong><\/p>\n<p><span style=\"color: #808080;\">Suomalainen pelikulttuuri mullistui vuonna 1967, kun Aarne Heljakka p\u00e4\u00e4tti aloittaa uudenlaisen lautapelin valmistuksen omakotitalon autotallissa. Kimble onkin vakiinnuttanut paikkansa suomalaisten rakastamana peliklassikkona, joka riemastuttaa pelaajia edelleen yli ik\u00e4-ja sukupolvirajojen.<\/span><\/p>\n\n\t\t<style>\n\t\t\t#gallery-1 {\n\t\t\t\tmargin: auto;\n\t\t\t}\n\t\t\t#gallery-1 .gallery-item {\n\t\t\t\tfloat: left;\n\t\t\t\tmargin-top: 10px;\n\t\t\t\ttext-align: center;\n\t\t\t\twidth: 16%;\n\t\t\t}\n\t\t\t#gallery-1 img {\n\t\t\t\tborder: 2px solid #cfcfcf;\n\t\t\t}\n\t\t\t#gallery-1 .gallery-caption {\n\t\t\t\tmargin-left: 0;\n\t\t\t}\n\t\t\t\/* see gallery_shortcode() in wp-includes\/media.php *\/\n\t\t<\/style>\n\t\t<div id='gallery-1' class='gallery galleryid-21 gallery-columns-6 gallery-size-thumbnail'><dl class='gallery-item'>\n\t\t\t<dt class='gallery-icon landscape'>\n\t\t\t\t<a href='https:\/\/www.kimble.fi\/wordpress\/wp-content\/uploads\/2016\/12\/garage_kimble_2-1024x678.png' title=\"\" data-rl_title=\"\" class=\"rl-gallery-link\" data-rl_caption=\"\" data-rel=\"lightbox-gallery-1\"><img loading=\"lazy\" decoding=\"async\" width=\"150\" height=\"150\" src=\"https:\/\/www.kimble.fi\/wordpress\/wp-content\/uploads\/2016\/12\/garage_kimble_2-150x150.png\" class=\"attachment-thumbnail size-thumbnail\" alt=\"\" srcset=\"https:\/\/www.kimble.fi\/wordpress\/wp-content\/uploads\/2016\/12\/garage_kimble_2-150x150.png 150w, https:\/\/www.kimble.fi\/wordpress\/wp-content\/uploads\/2016\/12\/garage_kimble_2-160x160.png 160w, https:\/\/www.kimble.fi\/wordpress\/wp-content\/uploads\/2016\/12\/garage_kimble_2-320x320.png 320w\" sizes=\"(max-width: 150px) 100vw, 150px\" \/><\/a>\n\t\t\t<\/dt><\/dl><dl class='gallery-item'>\n\t\t\t<dt class='gallery-icon landscape'>\n\t\t\t\t<a href='https:\/\/www.kimble.fi\/wordpress\/wp-content\/uploads\/2016\/12\/garage_kimble-1024x684.png' title=\"\" data-rl_title=\"\" class=\"rl-gallery-link\" data-rl_caption=\"\" data-rel=\"lightbox-gallery-1\"><img loading=\"lazy\" decoding=\"async\" width=\"150\" height=\"150\" src=\"https:\/\/www.kimble.fi\/wordpress\/wp-content\/uploads\/2016\/12\/garage_kimble-150x150.png\" class=\"attachment-thumbnail size-thumbnail\" alt=\"\" srcset=\"https:\/\/www.kimble.fi\/wordpress\/wp-content\/uploads\/2016\/12\/garage_kimble-150x150.png 150w, https:\/\/www.kimble.fi\/wordpress\/wp-content\/uploads\/2016\/12\/garage_kimble-160x160.png 160w, https:\/\/www.kimble.fi\/wordpress\/wp-content\/uploads\/2016\/12\/garage_kimble-320x320.png 320w\" sizes=\"(max-width: 150px) 100vw, 150px\" \/><\/a>\n\t\t\t<\/dt><\/dl><dl class='gallery-item'>\n\t\t\t<dt class='gallery-icon landscape'>\n\t\t\t\t<a href='https:\/\/www.kimble.fi\/wordpress\/wp-content\/uploads\/2016\/11\/garage_kimble_4-1024x683.png' title=\"\" data-rl_title=\"\" class=\"rl-gallery-link\" data-rl_caption=\"\" data-rel=\"lightbox-gallery-1\"><img loading=\"lazy\" decoding=\"async\" width=\"150\" height=\"150\" src=\"https:\/\/www.kimble.fi\/wordpress\/wp-content\/uploads\/2016\/11\/garage_kimble_4-150x150.png\" class=\"attachment-thumbnail size-thumbnail\" alt=\"\" srcset=\"https:\/\/www.kimble.fi\/wordpress\/wp-content\/uploads\/2016\/11\/garage_kimble_4-150x150.png 150w, https:\/\/www.kimble.fi\/wordpress\/wp-content\/uploads\/2016\/11\/garage_kimble_4-160x160.png 160w, https:\/\/www.kimble.fi\/wordpress\/wp-content\/uploads\/2016\/11\/garage_kimble_4-320x320.png 320w\" sizes=\"(max-width: 150px) 100vw, 150px\" \/><\/a>\n\t\t\t<\/dt><\/dl><dl class='gallery-item'>\n\t\t\t<dt class='gallery-icon landscape'>\n\t\t\t\t<a href='https:\/\/www.kimble.fi\/wordpress\/wp-content\/uploads\/2016\/11\/kimble_auto.png' title=\"\" data-rl_title=\"\" class=\"rl-gallery-link\" data-rl_caption=\"\" data-rel=\"lightbox-gallery-1\"><img loading=\"lazy\" decoding=\"async\" width=\"150\" height=\"150\" src=\"https:\/\/www.kimble.fi\/wordpress\/wp-content\/uploads\/2016\/11\/kimble_auto-150x150.png\" class=\"attachment-thumbnail size-thumbnail\" alt=\"\" srcset=\"https:\/\/www.kimble.fi\/wordpress\/wp-content\/uploads\/2016\/11\/kimble_auto-150x150.png 150w, https:\/\/www.kimble.fi\/wordpress\/wp-content\/uploads\/2016\/11\/kimble_auto-160x160.png 160w, https:\/\/www.kimble.fi\/wordpress\/wp-content\/uploads\/2016\/11\/kimble_auto-320x320.png 320w\" sizes=\"(max-width: 150px) 100vw, 150px\" \/><\/a>\n\t\t\t<\/dt><\/dl><dl class='gallery-item'>\n\t\t\t<dt class='gallery-icon portrait'>\n\t\t\t\t<a href='https:\/\/www.kimble.fi\/wordpress\/wp-content\/uploads\/2016\/11\/kimble_shop-683x1024.png' title=\"\" data-rl_title=\"\" class=\"rl-gallery-link\" data-rl_caption=\"\" data-rel=\"lightbox-gallery-1\"><img loading=\"lazy\" decoding=\"async\" width=\"150\" height=\"150\" src=\"https:\/\/www.kimble.fi\/wordpress\/wp-content\/uploads\/2016\/11\/kimble_shop-150x150.png\" class=\"attachment-thumbnail size-thumbnail\" alt=\"\" srcset=\"https:\/\/www.kimble.fi\/wordpress\/wp-content\/uploads\/2016\/11\/kimble_shop-150x150.png 150w, https:\/\/www.kimble.fi\/wordpress\/wp-content\/uploads\/2016\/11\/kimble_shop-160x160.png 160w, https:\/\/www.kimble.fi\/wordpress\/wp-content\/uploads\/2016\/11\/kimble_shop-320x320.png 320w\" sizes=\"(max-width: 150px) 100vw, 150px\" \/><\/a>\n\t\t\t<\/dt><\/dl><dl class='gallery-item'>\n\t\t\t<dt class='gallery-icon portrait'>\n\t\t\t\t<a href='https:\/\/www.kimble.fi\/wordpress\/wp-content\/uploads\/2016\/11\/kimble.png' title=\"\" data-rl_title=\"\" class=\"rl-gallery-link\" data-rl_caption=\"\" data-rel=\"lightbox-gallery-1\"><img loading=\"lazy\" decoding=\"async\" width=\"150\" height=\"150\" src=\"https:\/\/www.kimble.fi\/wordpress\/wp-content\/uploads\/2016\/11\/kimble-150x150.png\" class=\"attachment-thumbnail size-thumbnail\" alt=\"\" srcset=\"https:\/\/www.kimble.fi\/wordpress\/wp-content\/uploads\/2016\/11\/kimble-150x150.png 150w, https:\/\/www.kimble.fi\/wordpress\/wp-content\/uploads\/2016\/11\/kimble-160x160.png 160w, https:\/\/www.kimble.fi\/wordpress\/wp-content\/uploads\/2016\/11\/kimble-320x320.png 320w\" sizes=\"(max-width: 150px) 100vw, 150px\" \/><\/a>\n\t\t\t<\/dt><\/dl><br style=\"clear: both\" \/>\n\t\t<\/div>\n\n<p><span style=\"color: #808080;\">Porilaisesta perheyrityksest\u00e4 on 50 vuoden aikana kasvanut kansainv\u00e4linen pelitalo, joka tunnetaan maailmanlaajuisesti nimell\u00e4 <a href=\"http:\/\/www.tactic.net\/\" target=\"_blank\" rel=\"noopener noreferrer\">Tactic Games Oy<\/a>.\u00a0 Yritys tuottaa uusia lautapelej\u00e4 sek\u00e4 digitaalisia sovelluksia niin lapsille, perheille kuin aikuisillekin pelaajille.<\/span><\/p>\n<p><span style=\"color: #808080;\">50-vuotiaan Kimblen suosio piilee sen yksinkertaisessa mutta koukuttavassa ideassa. Sopivassa suhteessa taktikointia ja tuuria yhdist\u00e4v\u00e4 peli sopii kaikenik\u00e4isille pelaajille ja sen j\u00e4nnitys vie mukanaan aina uudelleen ja uudelleen. Kimbless\u00e4 pelaajat klikkaavat vuorollaan Pop-O-Matic -nopansekoitinta ja siirt\u00e4v\u00e4t pelinappuloitaan eteenp\u00e4in, tavoitteenaan saada kaikki nelj\u00e4 nappulaa omaan maaliinsa.<\/span><\/p>\n<p><span style=\"color: #808080;\">Kimble on klassikko, joka yhdist\u00e4\u00e4 kaikenlaiset perheet ja peliseurueet naurulla ja yhdess\u00e4olon ilolla.<\/span><\/p>\n<p><img loading=\"lazy\" decoding=\"async\" class=\"aligncenter wp-image-467 size-full\" src=\"https:\/\/www.kimble.fi\/wordpress\/wp-content\/uploads\/2016\/11\/playing_kimble.png\" width=\"1417\" height=\"687\" srcset=\"https:\/\/www.kimble.fi\/wordpress\/wp-content\/uploads\/2016\/11\/playing_kimble.png 1417w, https:\/\/www.kimble.fi\/wordpress\/wp-content\/uploads\/2016\/11\/playing_kimble-300x145.png 300w, https:\/\/www.kimble.fi\/wordpress\/wp-content\/uploads\/2016\/11\/playing_kimble-768x372.png 768w, https:\/\/www.kimble.fi\/wordpress\/wp-content\/uploads\/2016\/11\/playing_kimble-1024x496.png 1024w\" sizes=\"(max-width: 1417px) 100vw, 1417px\" \/><\/p>\n\n\t\t<style>\n\t\t\t#gallery-2 {\n\t\t\t\tmargin: auto;\n\t\t\t}\n\t\t\t#gallery-2 .gallery-item {\n\t\t\t\tfloat: left;\n\t\t\t\tmargin-top: 10px;\n\t\t\t\ttext-align: center;\n\t\t\t\twidth: 20%;\n\t\t\t}\n\t\t\t#gallery-2 img {\n\t\t\t\tborder: 2px solid #cfcfcf;\n\t\t\t}\n\t\t\t#gallery-2 .gallery-caption {\n\t\t\t\tmargin-left: 0;\n\t\t\t}\n\t\t\t\/* see gallery_shortcode() in wp-includes\/media.php *\/\n\t\t<\/style>\n\t\t<div id='gallery-2' class='gallery galleryid-21 gallery-columns-5 gallery-size-thumbnail'><dl class='gallery-item'>\n\t\t\t<dt class='gallery-icon landscape'>\n\t\t\t\t<a href='https:\/\/www.kimble.fi\/wordpress\/wp-content\/uploads\/2016\/11\/kimble_3-2.png' title=\"\" data-rl_title=\"\" class=\"rl-gallery-link\" data-rl_caption=\"\" data-rel=\"lightbox-gallery-2\"><img loading=\"lazy\" decoding=\"async\" width=\"150\" height=\"150\" src=\"https:\/\/www.kimble.fi\/wordpress\/wp-content\/uploads\/2016\/11\/kimble_3-2-150x150.png\" class=\"attachment-thumbnail size-thumbnail\" alt=\"\" srcset=\"https:\/\/www.kimble.fi\/wordpress\/wp-content\/uploads\/2016\/11\/kimble_3-2-150x150.png 150w, https:\/\/www.kimble.fi\/wordpress\/wp-content\/uploads\/2016\/11\/kimble_3-2-300x300.png 300w, https:\/\/www.kimble.fi\/wordpress\/wp-content\/uploads\/2016\/11\/kimble_3-2-160x160.png 160w, https:\/\/www.kimble.fi\/wordpress\/wp-content\/uploads\/2016\/11\/kimble_3-2-320x320.png 320w, https:\/\/www.kimble.fi\/wordpress\/wp-content\/uploads\/2016\/11\/kimble_3-2.png 567w\" sizes=\"(max-width: 150px) 100vw, 150px\" \/><\/a>\n\t\t\t<\/dt><\/dl><dl class='gallery-item'>\n\t\t\t<dt class='gallery-icon landscape'>\n\t\t\t\t<a href='https:\/\/www.kimble.fi\/wordpress\/wp-content\/uploads\/2016\/11\/kimble_6-2.png' title=\"\" data-rl_title=\"\" class=\"rl-gallery-link\" data-rl_caption=\"\" data-rel=\"lightbox-gallery-2\"><img loading=\"lazy\" decoding=\"async\" width=\"150\" height=\"150\" src=\"https:\/\/www.kimble.fi\/wordpress\/wp-content\/uploads\/2016\/11\/kimble_6-2-150x150.png\" class=\"attachment-thumbnail size-thumbnail\" alt=\"\" srcset=\"https:\/\/www.kimble.fi\/wordpress\/wp-content\/uploads\/2016\/11\/kimble_6-2-150x150.png 150w, https:\/\/www.kimble.fi\/wordpress\/wp-content\/uploads\/2016\/11\/kimble_6-2-300x300.png 300w, https:\/\/www.kimble.fi\/wordpress\/wp-content\/uploads\/2016\/11\/kimble_6-2-160x160.png 160w, https:\/\/www.kimble.fi\/wordpress\/wp-content\/uploads\/2016\/11\/kimble_6-2-320x320.png 320w, https:\/\/www.kimble.fi\/wordpress\/wp-content\/uploads\/2016\/11\/kimble_6-2.png 567w\" sizes=\"(max-width: 150px) 100vw, 150px\" \/><\/a>\n\t\t\t<\/dt><\/dl><dl class='gallery-item'>\n\t\t\t<dt class='gallery-icon landscape'>\n\t\t\t\t<a href='https:\/\/www.kimble.fi\/wordpress\/wp-content\/uploads\/2016\/11\/kimble_5-2.png' title=\"\" data-rl_title=\"\" class=\"rl-gallery-link\" data-rl_caption=\"\" data-rel=\"lightbox-gallery-2\"><img loading=\"lazy\" decoding=\"async\" width=\"150\" height=\"150\" src=\"https:\/\/www.kimble.fi\/wordpress\/wp-content\/uploads\/2016\/11\/kimble_5-2-150x150.png\" class=\"attachment-thumbnail size-thumbnail\" alt=\"\" srcset=\"https:\/\/www.kimble.fi\/wordpress\/wp-content\/uploads\/2016\/11\/kimble_5-2-150x150.png 150w, https:\/\/www.kimble.fi\/wordpress\/wp-content\/uploads\/2016\/11\/kimble_5-2-300x300.png 300w, https:\/\/www.kimble.fi\/wordpress\/wp-content\/uploads\/2016\/11\/kimble_5-2-160x160.png 160w, https:\/\/www.kimble.fi\/wordpress\/wp-content\/uploads\/2016\/11\/kimble_5-2-320x320.png 320w, https:\/\/www.kimble.fi\/wordpress\/wp-content\/uploads\/2016\/11\/kimble_5-2.png 567w\" sizes=\"(max-width: 150px) 100vw, 150px\" \/><\/a>\n\t\t\t<\/dt><\/dl><dl class='gallery-item'>\n\t\t\t<dt class='gallery-icon landscape'>\n\t\t\t\t<a href='https:\/\/www.kimble.fi\/wordpress\/wp-content\/uploads\/2016\/11\/kimble_1.jpg' title=\"\" data-rl_title=\"\" class=\"rl-gallery-link\" data-rl_caption=\"\" data-rel=\"lightbox-gallery-2\"><img loading=\"lazy\" decoding=\"async\" width=\"150\" height=\"150\" src=\"https:\/\/www.kimble.fi\/wordpress\/wp-content\/uploads\/2016\/11\/kimble_1-150x150.jpg\" class=\"attachment-thumbnail size-thumbnail\" alt=\"\" srcset=\"https:\/\/www.kimble.fi\/wordpress\/wp-content\/uploads\/2016\/11\/kimble_1-150x150.jpg 150w, https:\/\/www.kimble.fi\/wordpress\/wp-content\/uploads\/2016\/11\/kimble_1-300x300.jpg 300w, https:\/\/www.kimble.fi\/wordpress\/wp-content\/uploads\/2016\/11\/kimble_1-160x160.jpg 160w, https:\/\/www.kimble.fi\/wordpress\/wp-content\/uploads\/2016\/11\/kimble_1-320x320.jpg 320w, https:\/\/www.kimble.fi\/wordpress\/wp-content\/uploads\/2016\/11\/kimble_1.jpg 567w\" sizes=\"(max-width: 150px) 100vw, 150px\" \/><\/a>\n\t\t\t<\/dt><\/dl><dl class='gallery-item'>\n\t\t\t<dt class='gallery-icon landscape'>\n\t\t\t\t<a href='https:\/\/www.kimble.fi\/wordpress\/wp-content\/uploads\/2016\/11\/kimble_2-2.png' title=\"\" data-rl_title=\"\" class=\"rl-gallery-link\" data-rl_caption=\"\" data-rel=\"lightbox-gallery-2\"><img loading=\"lazy\" decoding=\"async\" width=\"150\" height=\"150\" src=\"https:\/\/www.kimble.fi\/wordpress\/wp-content\/uploads\/2016\/11\/kimble_2-2-150x150.png\" class=\"attachment-thumbnail size-thumbnail\" alt=\"\" srcset=\"https:\/\/www.kimble.fi\/wordpress\/wp-content\/uploads\/2016\/11\/kimble_2-2-150x150.png 150w, https:\/\/www.kimble.fi\/wordpress\/wp-content\/uploads\/2016\/11\/kimble_2-2-300x300.png 300w, https:\/\/www.kimble.fi\/wordpress\/wp-content\/uploads\/2016\/11\/kimble_2-2-160x160.png 160w, https:\/\/www.kimble.fi\/wordpress\/wp-content\/uploads\/2016\/11\/kimble_2-2-320x320.png 320w, https:\/\/www.kimble.fi\/wordpress\/wp-content\/uploads\/2016\/11\/kimble_2-2.png 567w\" sizes=\"(max-width: 150px) 100vw, 150px\" \/><\/a>\n\t\t\t<\/dt><\/dl><br style=\"clear: both\" \/>\n\t\t<\/div>\n\n<p><img loading=\"lazy\" decoding=\"async\" class=\"alignnone wp-image-544 size-medium\" src=\"https:\/\/www.kimble.fi\/wordpress\/wp-content\/uploads\/2016\/11\/lauta_a-300x200.jpg\" width=\"300\" height=\"200\" srcset=\"https:\/\/www.kimble.fi\/wordpress\/wp-content\/uploads\/2016\/11\/lauta_a-300x200.jpg 300w, https:\/\/www.kimble.fi\/wordpress\/wp-content\/uploads\/2016\/11\/lauta_a-768x511.jpg 768w, https:\/\/www.kimble.fi\/wordpress\/wp-content\/uploads\/2016\/11\/lauta_a-1024x682.jpg 1024w, https:\/\/www.kimble.fi\/wordpress\/wp-content\/uploads\/2016\/11\/lauta_a.jpg 1065w\" sizes=\"(max-width: 300px) 100vw, 300px\" \/> <img loading=\"lazy\" decoding=\"async\" class=\"alignnone wp-image-545 size-medium\" src=\"https:\/\/www.kimble.fi\/wordpress\/wp-content\/uploads\/2016\/11\/lauta_b-300x200.jpg\" width=\"300\" height=\"200\" srcset=\"https:\/\/www.kimble.fi\/wordpress\/wp-content\/uploads\/2016\/11\/lauta_b-300x200.jpg 300w, https:\/\/www.kimble.fi\/wordpress\/wp-content\/uploads\/2016\/11\/lauta_b-768x511.jpg 768w, https:\/\/www.kimble.fi\/wordpress\/wp-content\/uploads\/2016\/11\/lauta_b-1024x682.jpg 1024w, https:\/\/www.kimble.fi\/wordpress\/wp-content\/uploads\/2016\/11\/lauta_b.jpg 1065w\" sizes=\"(max-width: 300px) 100vw, 300px\" \/>\u00a0<img loading=\"lazy\" decoding=\"async\" class=\"alignnone wp-image-546 size-medium\" src=\"https:\/\/www.kimble.fi\/wordpress\/wp-content\/uploads\/2016\/11\/lauta_c-300x200.jpg\" width=\"300\" height=\"200\" srcset=\"https:\/\/www.kimble.fi\/wordpress\/wp-content\/uploads\/2016\/11\/lauta_c-300x200.jpg 300w, https:\/\/www.kimble.fi\/wordpress\/wp-content\/uploads\/2016\/11\/lauta_c-768x511.jpg 768w, https:\/\/www.kimble.fi\/wordpress\/wp-content\/uploads\/2016\/11\/lauta_c-1024x682.jpg 1024w, https:\/\/www.kimble.fi\/wordpress\/wp-content\/uploads\/2016\/11\/lauta_c.jpg 1065w\" sizes=\"(max-width: 300px) 100vw, 300px\" \/><\/p>\n<hr \/>\n<h4><span style=\"color: #808080;\">Juhlaversio<\/span><\/h4>\n<p><span style=\"color: #808080;\">Juhlavuoden kunniaksi julkaisimme Kimblen n\u00e4k\u00f6ispainoksen vuodelta 1972! Pakkauksen visuaalinen ilme on vuodelta -72 ja peli sis\u00e4lt\u00e4\u00e4 alkuper\u00e4isen kaltaisen Kimble-laudan vuodelta -67 puunappuloineen ja s\u00e4\u00e4nt\u00f6ineen.<br \/>\n<\/span><\/p>\n\n\t\t<style>\n\t\t\t#gallery-3 {\n\t\t\t\tmargin: auto;\n\t\t\t}\n\t\t\t#gallery-3 .gallery-item {\n\t\t\t\tfloat: left;\n\t\t\t\tmargin-top: 10px;\n\t\t\t\ttext-align: center;\n\t\t\t\twidth: 20%;\n\t\t\t}\n\t\t\t#gallery-3 img {\n\t\t\t\tborder: 2px solid #cfcfcf;\n\t\t\t}\n\t\t\t#gallery-3 .gallery-caption {\n\t\t\t\tmargin-left: 0;\n\t\t\t}\n\t\t\t\/* see gallery_shortcode() in wp-includes\/media.php *\/\n\t\t<\/style>\n\t\t<div id='gallery-3' class='gallery galleryid-21 gallery-columns-5 gallery-size-thumbnail'><dl class='gallery-item'>\n\t\t\t<dt class='gallery-icon landscape'>\n\t\t\t\t<a href='https:\/\/www.kimble.fi\/wordpress\/wp-content\/uploads\/2016\/11\/retro_kimble.png' title=\"\" data-rl_title=\"\" class=\"rl-gallery-link\" data-rl_caption=\"\" data-rel=\"lightbox-gallery-3\"><img loading=\"lazy\" decoding=\"async\" width=\"150\" height=\"150\" src=\"https:\/\/www.kimble.fi\/wordpress\/wp-content\/uploads\/2016\/11\/retro_kimble-150x150.png\" class=\"attachment-thumbnail size-thumbnail\" alt=\"\" srcset=\"https:\/\/www.kimble.fi\/wordpress\/wp-content\/uploads\/2016\/11\/retro_kimble-150x150.png 150w, https:\/\/www.kimble.fi\/wordpress\/wp-content\/uploads\/2016\/11\/retro_kimble-300x300.png 300w, https:\/\/www.kimble.fi\/wordpress\/wp-content\/uploads\/2016\/11\/retro_kimble-160x160.png 160w, https:\/\/www.kimble.fi\/wordpress\/wp-content\/uploads\/2016\/11\/retro_kimble-320x320.png 320w, https:\/\/www.kimble.fi\/wordpress\/wp-content\/uploads\/2016\/11\/retro_kimble.png 709w\" sizes=\"(max-width: 150px) 100vw, 150px\" \/><\/a>\n\t\t\t<\/dt><\/dl><dl class='gallery-item'>\n\t\t\t<dt class='gallery-icon landscape'>\n\t\t\t\t<a href='https:\/\/www.kimble.fi\/wordpress\/wp-content\/uploads\/2016\/11\/juhla_kimble_3-1024x682.png' title=\"\" data-rl_title=\"\" class=\"rl-gallery-link\" data-rl_caption=\"\" data-rel=\"lightbox-gallery-3\"><img loading=\"lazy\" decoding=\"async\" width=\"150\" height=\"150\" src=\"https:\/\/www.kimble.fi\/wordpress\/wp-content\/uploads\/2016\/11\/juhla_kimble_3-150x150.png\" class=\"attachment-thumbnail size-thumbnail\" alt=\"\" srcset=\"https:\/\/www.kimble.fi\/wordpress\/wp-content\/uploads\/2016\/11\/juhla_kimble_3-150x150.png 150w, https:\/\/www.kimble.fi\/wordpress\/wp-content\/uploads\/2016\/11\/juhla_kimble_3-160x160.png 160w, https:\/\/www.kimble.fi\/wordpress\/wp-content\/uploads\/2016\/11\/juhla_kimble_3-320x320.png 320w\" sizes=\"(max-width: 150px) 100vw, 150px\" \/><\/a>\n\t\t\t<\/dt><\/dl><dl class='gallery-item'>\n\t\t\t<dt class='gallery-icon landscape'>\n\t\t\t\t<a href='https:\/\/www.kimble.fi\/wordpress\/wp-content\/uploads\/2016\/11\/juhla_kimble_1-1024x682.png' title=\"\" data-rl_title=\"\" class=\"rl-gallery-link\" data-rl_caption=\"\" data-rel=\"lightbox-gallery-3\"><img loading=\"lazy\" decoding=\"async\" width=\"150\" height=\"150\" src=\"https:\/\/www.kimble.fi\/wordpress\/wp-content\/uploads\/2016\/11\/juhla_kimble_1-150x150.png\" class=\"attachment-thumbnail size-thumbnail\" alt=\"\" srcset=\"https:\/\/www.kimble.fi\/wordpress\/wp-content\/uploads\/2016\/11\/juhla_kimble_1-150x150.png 150w, https:\/\/www.kimble.fi\/wordpress\/wp-content\/uploads\/2016\/11\/juhla_kimble_1-160x160.png 160w, https:\/\/www.kimble.fi\/wordpress\/wp-content\/uploads\/2016\/11\/juhla_kimble_1-320x320.png 320w\" sizes=\"(max-width: 150px) 100vw, 150px\" \/><\/a>\n\t\t\t<\/dt><\/dl><dl class='gallery-item'>\n\t\t\t<dt class='gallery-icon landscape'>\n\t\t\t\t<a href='https:\/\/www.kimble.fi\/wordpress\/wp-content\/uploads\/2016\/11\/juhla_kimble_4-1024x682.png' title=\"\" data-rl_title=\"\" class=\"rl-gallery-link\" data-rl_caption=\"\" data-rel=\"lightbox-gallery-3\"><img loading=\"lazy\" decoding=\"async\" width=\"150\" height=\"150\" src=\"https:\/\/www.kimble.fi\/wordpress\/wp-content\/uploads\/2016\/11\/juhla_kimble_4-150x150.png\" class=\"attachment-thumbnail size-thumbnail\" alt=\"\" srcset=\"https:\/\/www.kimble.fi\/wordpress\/wp-content\/uploads\/2016\/11\/juhla_kimble_4-150x150.png 150w, https:\/\/www.kimble.fi\/wordpress\/wp-content\/uploads\/2016\/11\/juhla_kimble_4-160x160.png 160w, https:\/\/www.kimble.fi\/wordpress\/wp-content\/uploads\/2016\/11\/juhla_kimble_4-320x320.png 320w\" sizes=\"(max-width: 150px) 100vw, 150px\" \/><\/a>\n\t\t\t<\/dt><\/dl><dl class='gallery-item'>\n\t\t\t<dt class='gallery-icon landscape'>\n\t\t\t\t<a href='https:\/\/www.kimble.fi\/wordpress\/wp-content\/uploads\/2016\/11\/retro_kimble_laatikko-1024x682.png' title=\"\" data-rl_title=\"\" class=\"rl-gallery-link\" data-rl_caption=\"\" data-rel=\"lightbox-gallery-3\"><img loading=\"lazy\" decoding=\"async\" width=\"150\" height=\"150\" src=\"https:\/\/www.kimble.fi\/wordpress\/wp-content\/uploads\/2016\/11\/retro_kimble_laatikko-150x150.png\" class=\"attachment-thumbnail size-thumbnail\" alt=\"\" srcset=\"https:\/\/www.kimble.fi\/wordpress\/wp-content\/uploads\/2016\/11\/retro_kimble_laatikko-150x150.png 150w, https:\/\/www.kimble.fi\/wordpress\/wp-content\/uploads\/2016\/11\/retro_kimble_laatikko-160x160.png 160w, https:\/\/www.kimble.fi\/wordpress\/wp-content\/uploads\/2016\/11\/retro_kimble_laatikko-320x320.png 320w\" sizes=\"(max-width: 150px) 100vw, 150px\" \/><\/a>\n\t\t\t<\/dt><\/dl><br style=\"clear: both\" \/>\n\t\t<\/div>\n\n","protected":false},"excerpt":{"rendered":"<p>PUOLI VUOSISATAA SUOMALAISIA PELEJ\u00c4 Suomalainen pelikulttuuri mullistui vuonna 1967, kun Aarne Heljakka p\u00e4\u00e4tti aloittaa uudenlaisen lautapelin valmistuksen omakotitalon autotallissa. Kimble onkin vakiinnuttanut paikkansa suomalaisten rakastamana peliklassikkona, joka riemastuttaa pelaajia edelleen yli ik\u00e4-ja sukupolvirajojen. Porilaisesta&#46;&#46;&#46;<\/p>\n","protected":false},"author":2,"featured_media":0,"parent":0,"menu_order":5,"comment_status":"closed","ping_status":"closed","template":"","meta":{"footnotes":""},"class_list":["post-21","page","type-page","status-publish","hentry"],"_links":{"self":[{"href":"https:\/\/www.kimble.fi\/wordpress\/index.php\/wp-json\/wp\/v2\/pages\/21"}],"collection":[{"href":"https:\/\/www.kimble.fi\/wordpress\/index.php\/wp-json\/wp\/v2\/pages"}],"about":[{"href":"https:\/\/www.kimble.fi\/wordpress\/index.php\/wp-json\/wp\/v2\/types\/page"}],"author":[{"embeddable":true,"href":"https:\/\/www.kimble.fi\/wordpress\/index.php\/wp-json\/wp\/v2\/users\/2"}],"replies":[{"embeddable":true,"href":"https:\/\/www.kimble.fi\/wordpress\/index.php\/wp-json\/wp\/v2\/comments?post=21"}],"version-history":[{"count":70,"href":"https:\/\/www.kimble.fi\/wordpress\/index.php\/wp-json\/wp\/v2\/pages\/21\/revisions"}],"predecessor-version":[{"id":1818,"href":"https:\/\/www.kimble.fi\/wordpress\/index.php\/wp-json\/wp\/v2\/pages\/21\/revisions\/1818"}],"wp:attachment":[{"href":"https:\/\/www.kimble.fi\/wordpress\/index.php\/wp-json\/wp\/v2\/media?parent=21"}],"curies":[{"name":"wp","href":"https:\/\/api.w.org\/{rel}","templated":true}]}}