{"id":2177,"date":"2019-10-01T07:33:15","date_gmt":"2019-10-01T06:33:15","guid":{"rendered":"https:\/\/www.kimble.fi\/wordpress\/?page_id=2177"},"modified":"2022-04-20T07:53:12","modified_gmt":"2022-04-20T06:53:12","slug":"muumi-kimble-2","status":"publish","type":"page","link":"https:\/\/www.kimble.fi\/wordpress\/index.php\/tuotteet\/muumi-kimble-2\/","title":{"rendered":"Muumi Kimble"},"content":{"rendered":"<p><div class=\"column-group columns-2\"><div class=\"column column-number-1 column-span-1\"><\/p>\n<p><img loading=\"lazy\" decoding=\"async\" class=\"alignnone wp-image-2178\" src=\"https:\/\/www.kimble.fi\/wordpress\/wp-content\/uploads\/2019\/10\/56044_Moomin_Kimble.jpg\" alt=\"\" width=\"504\" height=\"547\" srcset=\"https:\/\/www.kimble.fi\/wordpress\/wp-content\/uploads\/2019\/10\/56044_Moomin_Kimble.jpg 653w, https:\/\/www.kimble.fi\/wordpress\/wp-content\/uploads\/2019\/10\/56044_Moomin_Kimble-276x300.jpg 276w\" sizes=\"(max-width: 504px) 100vw, 504px\" \/><\/p>\n<p>\n<\/div><div class=\"column column-number-2 last column-span-1\"><\/p>\n<p><strong>L\u00e4hde muumiperheen\u00a0matkaan ja kisaa maaliin asti!<\/strong><\/p>\n<div>Klikkaa noppaa, liikuta hahmojasi eteenp\u00e4in pelilaudalla, ja yrit\u00e4 tuoda kaikki nelj\u00e4 hahmoa omiin maaliruutuihisi ensimm\u00e4isen\u00e4! Matkalla saatat joutua vaikeuksiin, joten ole tarkkana!<\/div>\n<div>\u00a0<\/div>\n<div>\u00a0<\/div>\n<div><strong>Sis\u00e4lt\u00f6:<\/strong> Pelilauta (jossa sis\u00e4\u00e4nrakennettu noppa), 4 x 4 muumipelihahmoa ja s\u00e4\u00e4nn\u00f6t.<span style=\"color: #808080;\"> \u00a0<\/span><\/div>\n<div>\u00a0<\/div>\n<div>\u00a0<\/div>\n<ul>\n<li><span style=\"color: #808080;\">Ik\u00e4suositus: 4+<\/span><\/li>\n<li><span style=\"color: #808080;\">Pelaajia: 2-4<\/span><\/li>\n<li><span style=\"color: #808080;\">Pelin kesto: 20+ min.<\/span><img loading=\"lazy\" decoding=\"async\" class=\"alignright wp-image-2179\" src=\"https:\/\/www.kimble.fi\/wordpress\/wp-content\/uploads\/2019\/10\/56044_Moomin_Kimble2.jpg\" alt=\"\" width=\"454\" height=\"475\" srcset=\"https:\/\/www.kimble.fi\/wordpress\/wp-content\/uploads\/2019\/10\/56044_Moomin_Kimble2.jpg 709w, https:\/\/www.kimble.fi\/wordpress\/wp-content\/uploads\/2019\/10\/56044_Moomin_Kimble2-287x300.jpg 287w\" sizes=\"(max-width: 454px) 100vw, 454px\" \/><\/li>\n<\/ul>\n<p>\n<\/div><\/div><br \/><a href=\"https:\/\/games.tactic.net\/tuote\/muumi-kimble\/\" target=\"_blank\" rel=\"noopener noreferrer\"><img loading=\"lazy\" decoding=\"async\" class=\"alignright wp-image-690 size-full\" src=\"https:\/\/www.kimble.fi\/wordpress\/wp-content\/uploads\/2017\/01\/kauppaan.png\" alt=\"\" width=\"171\" height=\"58\" \/><\/a><br \/><br clear=\"all\" \/><\/p>\n<hr \/>\n\n\n<div class=\"rl-gallery-container rl-loading\" id=\"rl-gallery-container-1\" data-gallery_id=\"2283\"> <div class=\"rl-gallery rl-basicgrid-gallery \" id=\"rl-gallery-1\" data-gallery_no=\"1\"> <div class=\"rl-gallery-item\"><a href=\"https:\/\/www.kimble.fi\/wordpress\/wp-content\/uploads\/2019\/10\/Muumikimble_1-1024x683.png\" title=\"\" data-rl_title=\"\" class=\"rl-gallery-link\" data-rl_caption=\"\" data-rel=\"lightbox-gallery-1\"><img loading=\"lazy\" decoding=\"async\" src=\"https:\/\/www.kimble.fi\/wordpress\/wp-content\/uploads\/2019\/10\/Muumikimble_1-300x200.png\" width=\"300\" height=\"200\" alt=\"\"\/><\/a><\/div><div class=\"rl-gallery-item\"><a href=\"https:\/\/www.kimble.fi\/wordpress\/wp-content\/uploads\/2019\/10\/Muumikimble_4-1024x683.png\" title=\"\" data-rl_title=\"\" class=\"rl-gallery-link\" data-rl_caption=\"\" data-rel=\"lightbox-gallery-1\"><img loading=\"lazy\" decoding=\"async\" src=\"https:\/\/www.kimble.fi\/wordpress\/wp-content\/uploads\/2019\/10\/Muumikimble_4-300x200.png\" width=\"300\" height=\"200\" alt=\"\"\/><\/a><\/div><div class=\"rl-gallery-item\"><a href=\"https:\/\/www.kimble.fi\/wordpress\/wp-content\/uploads\/2019\/10\/Muumikimble_2-1024x683.png\" title=\"\" data-rl_title=\"\" class=\"rl-gallery-link\" data-rl_caption=\"\" data-rel=\"lightbox-gallery-1\"><img loading=\"lazy\" decoding=\"async\" src=\"https:\/\/www.kimble.fi\/wordpress\/wp-content\/uploads\/2019\/10\/Muumikimble_2-300x200.png\" width=\"300\" height=\"200\" alt=\"\"\/><\/a><\/div><div class=\"rl-gallery-item\"><a href=\"https:\/\/www.kimble.fi\/wordpress\/wp-content\/uploads\/2019\/10\/Muumikimble_3-1024x683.png\" title=\"\" data-rl_title=\"\" class=\"rl-gallery-link\" data-rl_caption=\"\" data-rel=\"lightbox-gallery-1\"><img loading=\"lazy\" decoding=\"async\" src=\"https:\/\/www.kimble.fi\/wordpress\/wp-content\/uploads\/2019\/10\/Muumikimble_3-300x200.png\" width=\"300\" height=\"200\" alt=\"\"\/><\/a><\/div> <\/div> <\/div>\n","protected":false},"excerpt":{"rendered":"","protected":false},"author":2,"featured_media":0,"parent":7,"menu_order":7,"comment_status":"closed","ping_status":"closed","template":"","meta":{"footnotes":""},"class_list":["post-2177","page","type-page","status-publish","hentry"],"_links":{"self":[{"href":"https:\/\/www.kimble.fi\/wordpress\/index.php\/wp-json\/wp\/v2\/pages\/2177"}],"collection":[{"href":"https:\/\/www.kimble.fi\/wordpress\/index.php\/wp-json\/wp\/v2\/pages"}],"about":[{"href":"https:\/\/www.kimble.fi\/wordpress\/index.php\/wp-json\/wp\/v2\/types\/page"}],"author":[{"embeddable":true,"href":"https:\/\/www.kimble.fi\/wordpress\/index.php\/wp-json\/wp\/v2\/users\/2"}],"replies":[{"embeddable":true,"href":"https:\/\/www.kimble.fi\/wordpress\/index.php\/wp-json\/wp\/v2\/comments?post=2177"}],"version-history":[{"count":7,"href":"https:\/\/www.kimble.fi\/wordpress\/index.php\/wp-json\/wp\/v2\/pages\/2177\/revisions"}],"predecessor-version":[{"id":2512,"href":"https:\/\/www.kimble.fi\/wordpress\/index.php\/wp-json\/wp\/v2\/pages\/2177\/revisions\/2512"}],"up":[{"embeddable":true,"href":"https:\/\/www.kimble.fi\/wordpress\/index.php\/wp-json\/wp\/v2\/pages\/7"}],"wp:attachment":[{"href":"https:\/\/www.kimble.fi\/wordpress\/index.php\/wp-json\/wp\/v2\/media?parent=2177"}],"curies":[{"name":"wp","href":"https:\/\/api.w.org\/{rel}","templated":true}]}}