{"id":2313,"date":"2019-11-01T07:10:17","date_gmt":"2019-11-01T07:10:17","guid":{"rendered":"https:\/\/www.kimble.fi\/wordpress\/?page_id=2313"},"modified":"2026-02-12T07:21:19","modified_gmt":"2026-02-12T07:21:19","slug":"kimble-t-paidat","status":"publish","type":"page","link":"https:\/\/www.kimble.fi\/wordpress\/index.php\/tuotteet\/kimble-t-paidat\/","title":{"rendered":"KIMBLE T-paidat"},"content":{"rendered":"\n<h4 class=\"wp-block-heading\">  Mill\u00e4 v\u00e4rill\u00e4 sin\u00e4 pelaat? <\/h4>\n\n\n\n<p>Mist\u00e4 tunnistaa todellisen Kimble-fanin? No tietenkin t-paidasta!<\/p>\n\n\n\n<figure class=\"wp-block-image size-large is-resized\"><img loading=\"lazy\" decoding=\"async\" width=\"1024\" height=\"427\" src=\"https:\/\/www.kimble.fi\/wordpress\/wp-content\/uploads\/2020\/02\/Kimble_t-paidat-1024x427.jpg\" alt=\"\" class=\"wp-image-2346\" style=\"width:1178px;height:492px\" srcset=\"https:\/\/www.kimble.fi\/wordpress\/wp-content\/uploads\/2020\/02\/Kimble_t-paidat-1024x427.jpg 1024w, https:\/\/www.kimble.fi\/wordpress\/wp-content\/uploads\/2020\/02\/Kimble_t-paidat-300x125.jpg 300w, https:\/\/www.kimble.fi\/wordpress\/wp-content\/uploads\/2020\/02\/Kimble_t-paidat-768x320.jpg 768w, https:\/\/www.kimble.fi\/wordpress\/wp-content\/uploads\/2020\/02\/Kimble_t-paidat.jpg 1290w\" sizes=\"(max-width: 1024px) 100vw, 1024px\" \/><\/figure>\n\n\n<div class=\"wp-block-image\">\n<figure class=\"alignleft is-resized\"><img loading=\"lazy\" decoding=\"async\" width=\"629\" height=\"817\" src=\"https:\/\/www.kimble.fi\/wordpress\/wp-content\/uploads\/2019\/11\/Kimble_t-paia_retro.jpg\" alt=\"\" class=\"wp-image-2316\" style=\"width:319px;height:414px\" srcset=\"https:\/\/www.kimble.fi\/wordpress\/wp-content\/uploads\/2019\/11\/Kimble_t-paia_retro.jpg 629w, https:\/\/www.kimble.fi\/wordpress\/wp-content\/uploads\/2019\/11\/Kimble_t-paia_retro-231x300.jpg 231w\" sizes=\"(max-width: 629px) 100vw, 629px\" \/><\/figure><\/div>\n\n\n<h4 class=\"wp-block-heading\">Vai oletko vanhan koulukunnan pelaaja?<\/h4>\n\n\n\n<p>Silloin valintasi on keltainen retro t-paita! Paidan keltainen v\u00e4ri tulee suoraan alkuper\u00e4isest\u00e4, vuoden 1967 Kimble-designista. My\u00f6s kuvitus on osa Kimblen <a href=\"https:\/\/www.kimble.fi\/wordpress\/index.php\/kimble-50\/\">historiaa<\/a>.<\/p>\n\n\n\n<ul class=\"wp-block-list\">\n<li>100% puuvilla <\/li>\n\n\n\n<li>Pesu 40 \u00b0 <\/li>\n<\/ul>\n\n\n\n<p>Tarjolla satunnaisesti erilaisissa Tacticin tapahtumissa.<\/p>\n","protected":false},"excerpt":{"rendered":"<p>Mill\u00e4 v\u00e4rill\u00e4 sin\u00e4 pelaat? Mist\u00e4 tunnistaa todellisen Kimble-fanin? No tietenkin t-paidasta! Vai oletko vanhan koulukunnan pelaaja? Silloin valintasi on keltainen retro t-paita! Paidan keltainen v\u00e4ri tulee suoraan alkuper\u00e4isest\u00e4, vuoden 1967 Kimble-designista. My\u00f6s kuvitus on&#46;&#46;&#46;<\/p>\n","protected":false},"author":2,"featured_media":0,"parent":7,"menu_order":0,"comment_status":"closed","ping_status":"closed","template":"","meta":{"footnotes":""},"class_list":["post-2313","page","type-page","status-publish","hentry"],"_links":{"self":[{"href":"https:\/\/www.kimble.fi\/wordpress\/index.php\/wp-json\/wp\/v2\/pages\/2313"}],"collection":[{"href":"https:\/\/www.kimble.fi\/wordpress\/index.php\/wp-json\/wp\/v2\/pages"}],"about":[{"href":"https:\/\/www.kimble.fi\/wordpress\/index.php\/wp-json\/wp\/v2\/types\/page"}],"author":[{"embeddable":true,"href":"https:\/\/www.kimble.fi\/wordpress\/index.php\/wp-json\/wp\/v2\/users\/2"}],"replies":[{"embeddable":true,"href":"https:\/\/www.kimble.fi\/wordpress\/index.php\/wp-json\/wp\/v2\/comments?post=2313"}],"version-history":[{"count":10,"href":"https:\/\/www.kimble.fi\/wordpress\/index.php\/wp-json\/wp\/v2\/pages\/2313\/revisions"}],"predecessor-version":[{"id":2618,"href":"https:\/\/www.kimble.fi\/wordpress\/index.php\/wp-json\/wp\/v2\/pages\/2313\/revisions\/2618"}],"up":[{"embeddable":true,"href":"https:\/\/www.kimble.fi\/wordpress\/index.php\/wp-json\/wp\/v2\/pages\/7"}],"wp:attachment":[{"href":"https:\/\/www.kimble.fi\/wordpress\/index.php\/wp-json\/wp\/v2\/media?parent=2313"}],"curies":[{"name":"wp","href":"https:\/\/api.w.org\/{rel}","templated":true}]}}