{"id":2351,"date":"2020-03-25T11:05:25","date_gmt":"2020-03-25T11:05:25","guid":{"rendered":"https:\/\/www.kimble.fi\/wordpress\/?page_id=2351"},"modified":"2026-02-12T07:23:29","modified_gmt":"2026-02-12T07:23:29","slug":"kimble-ilme20-pelit","status":"publish","type":"page","link":"https:\/\/www.kimble.fi\/wordpress\/index.php\/tuotteet\/kimble-ilme20-pelit\/","title":{"rendered":"Kimble-ilme20 -pelit"},"content":{"rendered":"<div class=\"wp-block-image\">\n<figure class=\"aligncenter size-large\"><img loading=\"lazy\" decoding=\"async\" width=\"1024\" height=\"320\" src=\"https:\/\/www.kimble.fi\/wordpress\/wp-content\/uploads\/2020\/03\/kaikki_Kimble-ilme_pelit-1024x320.png\" alt=\"\" class=\"wp-image-2370\" srcset=\"https:\/\/www.kimble.fi\/wordpress\/wp-content\/uploads\/2020\/03\/kaikki_Kimble-ilme_pelit-1024x320.png 1024w, https:\/\/www.kimble.fi\/wordpress\/wp-content\/uploads\/2020\/03\/kaikki_Kimble-ilme_pelit-300x94.png 300w, https:\/\/www.kimble.fi\/wordpress\/wp-content\/uploads\/2020\/03\/kaikki_Kimble-ilme_pelit-768x240.png 768w, https:\/\/www.kimble.fi\/wordpress\/wp-content\/uploads\/2020\/03\/kaikki_Kimble-ilme_pelit-1536x480.png 1536w, https:\/\/www.kimble.fi\/wordpress\/wp-content\/uploads\/2020\/03\/kaikki_Kimble-ilme_pelit.png 1920w\" sizes=\"(max-width: 1024px) 100vw, 1024px\" \/><\/figure><\/div>\n\n\n<h4 class=\"wp-block-heading\"> Osta suomalaista designia.<\/h4>\n\n\n\n<h2 class=\"wp-block-heading\">Rajoitettu er\u00e4 Kimble-ilme20 -pelej\u00e4 nyt t\u00e4\u00e4ll\u00e4!<\/h2>\n\n\n\n<p>Tactic Games Oy:n ja Grafia:n kes\u00e4ll\u00e4 2019 yhteisty\u00f6n\u00e4 j\u00e4rjest\u00e4m\u00e4ss\u00e4 visuaalisen alan ammattilaisille ja opiskelijoille suunnatussa Kimble-ilme20 -kilpailussa etsittiin uudenlaista ja raikasta Kimble-ilmett\u00e4 vuodelle 2020.  <\/p>\n\n\n\n<p>Kilpailun voitti Anna Polkutien ty\u00f6 Mets\u00e4nel\u00e4imet. H\u00e4nen Kimble-ilmeens\u00e4 oli my\u00f6s selv\u00e4ll\u00e4 \u00e4\u00e4nim\u00e4\u00e4r\u00e4ll\u00e4 yleis\u00f6n suosikki. Kilpailussa toiseksi sijoittui Terese Bastin Folklore-Kimble ja kolmanneksi tuli Sanna Aholan Kaupunki-Kimble.&nbsp; <\/p>\n\n\n\n<p>Voit lukea kilpailusta lis\u00e4\u00e4 <a href=\"https:\/\/www.kimble.fi\/wordpress\/index.php\/semifinalistit\/\">t\u00e4\u00e4ll\u00e4<\/a>.<\/p>\n\n\n\n<p><strong>Kaikista kolmesta finalistity\u00f6st\u00e4 valmistettiin rajattu painos Kimblej\u00e4, jotka ovat juuri nyt myynniss\u00e4!<\/strong><\/p>\n\n\n\n<hr class=\"wp-block-separator has-css-opacity\"\/>\n\n\n<div class=\"wp-block-image\">\n<figure class=\"aligncenter size-large is-resized\"><img loading=\"lazy\" decoding=\"async\" width=\"926\" height=\"440\" src=\"https:\/\/www.kimble.fi\/wordpress\/wp-content\/uploads\/2020\/03\/Kimble_metsanelaimet.png\" alt=\"\" class=\"wp-image-2361\" style=\"width:771px;height:366px\" srcset=\"https:\/\/www.kimble.fi\/wordpress\/wp-content\/uploads\/2020\/03\/Kimble_metsanelaimet.png 926w, https:\/\/www.kimble.fi\/wordpress\/wp-content\/uploads\/2020\/03\/Kimble_metsanelaimet-300x143.png 300w, https:\/\/www.kimble.fi\/wordpress\/wp-content\/uploads\/2020\/03\/Kimble_metsanelaimet-768x365.png 768w\" sizes=\"(max-width: 926px) 100vw, 926px\" \/><\/figure><\/div>\n\n\n<h4 class=\"wp-block-heading\">Mets\u00e4nel\u00e4imet-Kimble, Design: Anna Polkutie<\/h4>\n\n\n\n<p>Lue Annan haastattelu <a href=\"https:\/\/www.kimble.fi\/wordpress\/index.php\/2019\/10\/07\/finalisti-polkutie\/\">t\u00e4\u00e4lt\u00e4<\/a>.<\/p>\n\n\n\n<hr class=\"wp-block-separator has-css-opacity\"\/>\n\n\n<div class=\"wp-block-image\">\n<figure class=\"aligncenter size-large is-resized\"><img loading=\"lazy\" decoding=\"async\" width=\"926\" height=\"440\" src=\"https:\/\/www.kimble.fi\/wordpress\/wp-content\/uploads\/2020\/03\/Kimble_Folklore.png\" alt=\"\" class=\"wp-image-2364\" style=\"width:810px;height:384px\" srcset=\"https:\/\/www.kimble.fi\/wordpress\/wp-content\/uploads\/2020\/03\/Kimble_Folklore.png 926w, https:\/\/www.kimble.fi\/wordpress\/wp-content\/uploads\/2020\/03\/Kimble_Folklore-300x143.png 300w, https:\/\/www.kimble.fi\/wordpress\/wp-content\/uploads\/2020\/03\/Kimble_Folklore-768x365.png 768w\" sizes=\"(max-width: 926px) 100vw, 926px\" \/><\/figure><\/div>\n\n\n<h4 class=\"wp-block-heading\">Folklore-Kimble, Design Terese Bast<\/h4>\n\n\n\n<p>Lue Teresen haastattelu<a href=\"https:\/\/www.kimble.fi\/wordpress\/index.php\/2019\/10\/07\/finalisti-terese-bast\/\"> t\u00e4\u00e4lt\u00e4<\/a>.<\/p>\n\n\n\n<hr class=\"wp-block-separator has-css-opacity\"\/>\n\n\n<div class=\"wp-block-image\">\n<figure class=\"aligncenter size-large is-resized\"><img loading=\"lazy\" decoding=\"async\" width=\"926\" height=\"440\" src=\"https:\/\/www.kimble.fi\/wordpress\/wp-content\/uploads\/2020\/03\/Kimble_Kaupunki.png\" alt=\"\" class=\"wp-image-2362\" style=\"width:798px;height:379px\" srcset=\"https:\/\/www.kimble.fi\/wordpress\/wp-content\/uploads\/2020\/03\/Kimble_Kaupunki.png 926w, https:\/\/www.kimble.fi\/wordpress\/wp-content\/uploads\/2020\/03\/Kimble_Kaupunki-300x143.png 300w, https:\/\/www.kimble.fi\/wordpress\/wp-content\/uploads\/2020\/03\/Kimble_Kaupunki-768x365.png 768w\" sizes=\"(max-width: 926px) 100vw, 926px\" \/><\/figure><\/div>\n\n\n<h4 class=\"wp-block-heading\">Kaupunki-Kimble, Design: Sanna Ahola<\/h4>\n\n\n\n<p>Lue Sannan haastattelu <a href=\"https:\/\/www.kimble.fi\/wordpress\/index.php\/2019\/10\/07\/finalisti-ahola\/\">t\u00e4\u00e4lt\u00e4<\/a>.<\/p>\n","protected":false},"excerpt":{"rendered":"<p>Osta suomalaista designia. Rajoitettu er\u00e4 Kimble-ilme20 -pelej\u00e4 nyt t\u00e4\u00e4ll\u00e4! Tactic Games Oy:n ja Grafia:n kes\u00e4ll\u00e4 2019 yhteisty\u00f6n\u00e4 j\u00e4rjest\u00e4m\u00e4ss\u00e4 visuaalisen alan ammattilaisille ja opiskelijoille suunnatussa Kimble-ilme20 -kilpailussa etsittiin uudenlaista ja raikasta Kimble-ilmett\u00e4 vuodelle 2020. Kilpailun&#46;&#46;&#46;<\/p>\n","protected":false},"author":2,"featured_media":2385,"parent":7,"menu_order":6,"comment_status":"closed","ping_status":"closed","template":"","meta":{"footnotes":""},"class_list":["post-2351","page","type-page","status-publish","has-post-thumbnail","hentry"],"_links":{"self":[{"href":"https:\/\/www.kimble.fi\/wordpress\/index.php\/wp-json\/wp\/v2\/pages\/2351"}],"collection":[{"href":"https:\/\/www.kimble.fi\/wordpress\/index.php\/wp-json\/wp\/v2\/pages"}],"about":[{"href":"https:\/\/www.kimble.fi\/wordpress\/index.php\/wp-json\/wp\/v2\/types\/page"}],"author":[{"embeddable":true,"href":"https:\/\/www.kimble.fi\/wordpress\/index.php\/wp-json\/wp\/v2\/users\/2"}],"replies":[{"embeddable":true,"href":"https:\/\/www.kimble.fi\/wordpress\/index.php\/wp-json\/wp\/v2\/comments?post=2351"}],"version-history":[{"count":18,"href":"https:\/\/www.kimble.fi\/wordpress\/index.php\/wp-json\/wp\/v2\/pages\/2351\/revisions"}],"predecessor-version":[{"id":2619,"href":"https:\/\/www.kimble.fi\/wordpress\/index.php\/wp-json\/wp\/v2\/pages\/2351\/revisions\/2619"}],"up":[{"embeddable":true,"href":"https:\/\/www.kimble.fi\/wordpress\/index.php\/wp-json\/wp\/v2\/pages\/7"}],"wp:featuredmedia":[{"embeddable":true,"href":"https:\/\/www.kimble.fi\/wordpress\/index.php\/wp-json\/wp\/v2\/media\/2385"}],"wp:attachment":[{"href":"https:\/\/www.kimble.fi\/wordpress\/index.php\/wp-json\/wp\/v2\/media?parent=2351"}],"curies":[{"name":"wp","href":"https:\/\/api.w.org\/{rel}","templated":true}]}}