{"id":2389,"date":"2020-04-02T10:36:07","date_gmt":"2020-04-02T09:36:07","guid":{"rendered":"https:\/\/www.kimble.fi\/wordpress\/?page_id=2389"},"modified":"2020-04-02T12:32:15","modified_gmt":"2020-04-02T11:32:15","slug":"video-chat-kimble","status":"publish","type":"page","link":"https:\/\/www.kimble.fi\/wordpress\/index.php\/saannot\/video-chat-kimble\/","title":{"rendered":"Video Chat Kimble"},"content":{"rendered":"\n<figure class=\"wp-block-image size-large is-resized\"><img loading=\"lazy\" decoding=\"async\" src=\"https:\/\/www.kimble.fi\/wordpress\/wp-content\/uploads\/2020\/04\/ChatKimble.png\" alt=\"\" class=\"wp-image-2404\" width=\"1520\" height=\"484\"\/><\/figure>\n\n\n\n<div class=\"wp-block-image\"><figure class=\"alignright size-large is-resized\"><a href=\"https:\/\/www.kimble.fi\/wordpress\/wp-content\/uploads\/2020\/04\/setup_videokimble.png\" data-rel=\"lightbox-image-0\" data-rl_title=\"\" data-rl_caption=\"\" title=\"\"><img loading=\"lazy\" decoding=\"async\" src=\"https:\/\/www.kimble.fi\/wordpress\/wp-content\/uploads\/2020\/04\/setup_videokimble-1024x1024.png\" alt=\"Alkuasettelu\" class=\"wp-image-2410\" width=\"211\" height=\"211\" srcset=\"https:\/\/www.kimble.fi\/wordpress\/wp-content\/uploads\/2020\/04\/setup_videokimble-1024x1024.png 1024w, https:\/\/www.kimble.fi\/wordpress\/wp-content\/uploads\/2020\/04\/setup_videokimble-300x300.png 300w, https:\/\/www.kimble.fi\/wordpress\/wp-content\/uploads\/2020\/04\/setup_videokimble-150x150.png 150w, https:\/\/www.kimble.fi\/wordpress\/wp-content\/uploads\/2020\/04\/setup_videokimble-768x768.png 768w, https:\/\/www.kimble.fi\/wordpress\/wp-content\/uploads\/2020\/04\/setup_videokimble-160x160.png 160w, https:\/\/www.kimble.fi\/wordpress\/wp-content\/uploads\/2020\/04\/setup_videokimble-320x320.png 320w, https:\/\/www.kimble.fi\/wordpress\/wp-content\/uploads\/2020\/04\/setup_videokimble.png 1063w\" sizes=\"(max-width: 211px) 100vw, 211px\" \/><\/a><figcaption> Video-Kimblen alkuasettelu<\/figcaption><\/figure><\/div>\n\n\n\n<h2 class=\"wp-block-heading\"><strong>Pelaa Kimble\u00e4 et\u00e4n\u00e4!<\/strong><\/h2>\n\n\n\n<h4 class=\"wp-block-heading\">Koronavirus ei voi eik\u00e4 saa est\u00e4\u00e4 Kimblen pelaamista! <\/h4>\n\n\n\n<p>Siksi tarjoamme nyt kaikille Kimble-faneille uuden tavan peleta Kimble\u00e4.<\/p>\n\n\n\n<hr class=\"wp-block-separator is-style-dots\"\/>\n\n\n\n<h4 class=\"wp-block-heading\"><strong>Kahden pelaajan Video-Kimble<\/strong><\/h4>\n\n\n\n<p>Video-Kimble\u00e4 pelataan melkein kuin tavallistakin Kimble\u00e4, mutta tarvitset lis\u00e4ksi kameran ja chat-yhteyden pelikaveriisi.  S\u00e4\u00e4nn\u00f6t poikkeavat hieman normaaleista. Katso alta miten.<\/p>\n\n\n\n<p>S\u00e4\u00e4nn\u00f6t saatavilla suomeksi ja englanniksi. Klikkaa kuvaa suuremmaksi:<\/p>\n\n\n\n<figure class=\"wp-block-gallery aligncenter columns-2 is-cropped wp-block-gallery-1 is-layout-flex wp-block-gallery-is-layout-flex\"><ul class=\"blocks-gallery-grid\"><li class=\"blocks-gallery-item\"><figure><a href=\"https:\/\/www.kimble.fi\/wordpress\/wp-content\/uploads\/2020\/04\/KimbleChat_rules_FI-1.png\" data-rel=\"lightbox-image-1\" data-rl_title=\"\" data-rl_caption=\"\" title=\"\"><img loading=\"lazy\" decoding=\"async\" width=\"1024\" height=\"724\" src=\"https:\/\/www.kimble.fi\/wordpress\/wp-content\/uploads\/2020\/04\/KimbleChat_rules_FI-1-1024x724.png\" alt=\"\" data-id=\"2427\" data-full-url=\"https:\/\/www.kimble.fi\/wordpress\/wp-content\/uploads\/2020\/04\/KimbleChat_rules_FI-1.png\" data-link=\"https:\/\/www.kimble.fi\/wordpress\/index.php\/saannot\/video-chat-kimble\/kimblechat_rules_fi-2\/\" class=\"wp-image-2427\" srcset=\"https:\/\/www.kimble.fi\/wordpress\/wp-content\/uploads\/2020\/04\/KimbleChat_rules_FI-1-1024x724.png 1024w, https:\/\/www.kimble.fi\/wordpress\/wp-content\/uploads\/2020\/04\/KimbleChat_rules_FI-1-300x212.png 300w, https:\/\/www.kimble.fi\/wordpress\/wp-content\/uploads\/2020\/04\/KimbleChat_rules_FI-1-768x543.png 768w, https:\/\/www.kimble.fi\/wordpress\/wp-content\/uploads\/2020\/04\/KimbleChat_rules_FI-1-1536x1086.png 1536w, https:\/\/www.kimble.fi\/wordpress\/wp-content\/uploads\/2020\/04\/KimbleChat_rules_FI-1.png 1754w\" sizes=\"(max-width: 1024px) 100vw, 1024px\" \/><\/a><\/figure><\/li><li class=\"blocks-gallery-item\"><figure><a href=\"https:\/\/www.kimble.fi\/wordpress\/wp-content\/uploads\/2020\/04\/KimbleChat_rules_UK.png\" data-rel=\"lightbox-image-2\" data-rl_title=\"\" data-rl_caption=\"\" title=\"\"><img loading=\"lazy\" decoding=\"async\" width=\"1024\" height=\"724\" src=\"https:\/\/www.kimble.fi\/wordpress\/wp-content\/uploads\/2020\/04\/KimbleChat_rules_UK-1024x724.png\" alt=\"\" data-id=\"2406\" data-full-url=\"https:\/\/www.kimble.fi\/wordpress\/wp-content\/uploads\/2020\/04\/KimbleChat_rules_UK.png\" data-link=\"https:\/\/www.kimble.fi\/wordpress\/kimblechat_rules_uk\/\" class=\"wp-image-2406\" srcset=\"https:\/\/www.kimble.fi\/wordpress\/wp-content\/uploads\/2020\/04\/KimbleChat_rules_UK-1024x724.png 1024w, https:\/\/www.kimble.fi\/wordpress\/wp-content\/uploads\/2020\/04\/KimbleChat_rules_UK-300x212.png 300w, https:\/\/www.kimble.fi\/wordpress\/wp-content\/uploads\/2020\/04\/KimbleChat_rules_UK-768x543.png 768w, https:\/\/www.kimble.fi\/wordpress\/wp-content\/uploads\/2020\/04\/KimbleChat_rules_UK-1536x1086.png 1536w, https:\/\/www.kimble.fi\/wordpress\/wp-content\/uploads\/2020\/04\/KimbleChat_rules_UK.png 1754w\" sizes=\"(max-width: 1024px) 100vw, 1024px\" \/><\/a><\/figure><\/li><\/ul><\/figure>\n\n\n\n<p><\/p>\n","protected":false},"excerpt":{"rendered":"<p>Pelaa Kimble\u00e4 et\u00e4n\u00e4! Koronavirus ei voi eik\u00e4 saa est\u00e4\u00e4 Kimblen pelaamista! Siksi tarjoamme nyt kaikille Kimble-faneille uuden tavan peleta Kimble\u00e4. Kahden pelaajan Video-Kimble Video-Kimble\u00e4 pelataan melkein kuin tavallistakin Kimble\u00e4, mutta tarvitset lis\u00e4ksi kameran ja&#46;&#46;&#46;<\/p>\n","protected":false},"author":2,"featured_media":0,"parent":84,"menu_order":1,"comment_status":"closed","ping_status":"closed","template":"","meta":{"footnotes":""},"class_list":["post-2389","page","type-page","status-publish","hentry"],"_links":{"self":[{"href":"https:\/\/www.kimble.fi\/wordpress\/index.php\/wp-json\/wp\/v2\/pages\/2389"}],"collection":[{"href":"https:\/\/www.kimble.fi\/wordpress\/index.php\/wp-json\/wp\/v2\/pages"}],"about":[{"href":"https:\/\/www.kimble.fi\/wordpress\/index.php\/wp-json\/wp\/v2\/types\/page"}],"author":[{"embeddable":true,"href":"https:\/\/www.kimble.fi\/wordpress\/index.php\/wp-json\/wp\/v2\/users\/2"}],"replies":[{"embeddable":true,"href":"https:\/\/www.kimble.fi\/wordpress\/index.php\/wp-json\/wp\/v2\/comments?post=2389"}],"version-history":[{"count":27,"href":"https:\/\/www.kimble.fi\/wordpress\/index.php\/wp-json\/wp\/v2\/pages\/2389\/revisions"}],"predecessor-version":[{"id":2429,"href":"https:\/\/www.kimble.fi\/wordpress\/index.php\/wp-json\/wp\/v2\/pages\/2389\/revisions\/2429"}],"up":[{"embeddable":true,"href":"https:\/\/www.kimble.fi\/wordpress\/index.php\/wp-json\/wp\/v2\/pages\/84"}],"wp:attachment":[{"href":"https:\/\/www.kimble.fi\/wordpress\/index.php\/wp-json\/wp\/v2\/media?parent=2389"}],"curies":[{"name":"wp","href":"https:\/\/api.w.org\/{rel}","templated":true}]}}