{"id":2555,"date":"2023-01-13T10:34:02","date_gmt":"2023-01-13T10:34:02","guid":{"rendered":"https:\/\/www.kimble.fi\/wordpress\/?page_id=2555"},"modified":"2023-01-13T10:34:57","modified_gmt":"2023-01-13T10:34:57","slug":"dinosaur-kimble","status":"publish","type":"page","link":"https:\/\/www.kimble.fi\/wordpress\/index.php\/tuotteet\/dinosaur-kimble\/","title":{"rendered":"Dinosaur Kimble"},"content":{"rendered":"\n<p><div class=\"column-group columns-0\"><\/div><div class=\"column column-number-1 column-span-1\"><\/div><\/p>\n\n\n\n<div class=\"wp-block-columns is-layout-flex wp-container-core-columns-is-layout-1 wp-block-columns-is-layout-flex\">\n<div class=\"wp-block-column is-layout-flow wp-block-column-is-layout-flow\">\n<figure class=\"wp-block-image size-large is-resized\"><img loading=\"lazy\" decoding=\"async\" src=\"https:\/\/www.kimble.fi\/wordpress\/wp-content\/uploads\/2023\/01\/59355_1-943x1024.jpg\" alt=\"\" class=\"wp-image-2556\" width=\"504\" height=\"547\" srcset=\"https:\/\/www.kimble.fi\/wordpress\/wp-content\/uploads\/2023\/01\/59355_1-943x1024.jpg 943w, https:\/\/www.kimble.fi\/wordpress\/wp-content\/uploads\/2023\/01\/59355_1-276x300.jpg 276w, https:\/\/www.kimble.fi\/wordpress\/wp-content\/uploads\/2023\/01\/59355_1-768x834.jpg 768w, https:\/\/www.kimble.fi\/wordpress\/wp-content\/uploads\/2023\/01\/59355_1.jpg 1105w\" sizes=\"(max-width: 504px) 100vw, 504px\" \/><\/figure>\n<\/div>\n\n\n\n<div class=\"wp-block-column is-layout-flow wp-block-column-is-layout-flow\">\n<p>Pelaa kilpaa dinojen seurassa! Pyyh\u00e4ll\u00e4 vauhdikkaasti ymp\u00e4ri pelilautaa ja liikuttele nelj\u00e4\u00e4 pelinappulaasi kohti maaliviivaa. <\/p>\n\n\n\n<p>Mutta varo! Toiset pelaajat heitt\u00e4v\u00e4t kapuloita rattaisiin\u2026<\/p>\n\n\n\n<ul class=\"wp-block-list\">\n<li>J\u00e4nnitt\u00e4v\u00e4 koko perheen klassikkopeli!<\/li>\n\n\n\n<li>Mukana kest\u00e4v\u00e4 muovinen pelilauta ja hauska, poksahteleva noppa.<\/li>\n<\/ul>\n<\/div>\n<\/div>\n\n\n\n<p><\/p>\n\n\n\n<ul class=\"wp-block-list\">\n<li><\/li>\n<\/ul>\n\n\n\n<p><\/p>\n\n\n\n<div class=\"wp-block-columns is-layout-flex wp-container-core-columns-is-layout-2 wp-block-columns-is-layout-flex\">\n<div class=\"wp-block-column is-layout-flow wp-block-column-is-layout-flow\">\n<p><\/p>\n<\/div>\n\n\n\n<div class=\"wp-block-column is-layout-flow wp-block-column-is-layout-flow\"><div class=\"wp-block-image\">\n<figure class=\"aligncenter size-full\"><a href=\"https:\/\/games.tactic.net\/tuote\/dinosaur-kimble\/\" target=\"_blank\" rel=\"noreferrer noopener\"><img loading=\"lazy\" decoding=\"async\" width=\"171\" height=\"58\" src=\"https:\/\/www.kimble.fi\/wordpress\/wp-content\/uploads\/2017\/01\/kauppaan.png\" alt=\"\" class=\"wp-image-690\"\/><\/a><\/figure><\/div><\/div>\n\n\n\n<div class=\"wp-block-column is-layout-flow wp-block-column-is-layout-flow\">\n<figure class=\"wp-block-image size-full is-resized\"><a href=\"https:\/\/www.kimble.fi\/wordpress\/wp-content\/uploads\/2023\/01\/59355_dinosaur_kimble_small.png\" data-rel=\"lightbox-image-0\" data-rl_title=\"\" data-rl_caption=\"\" title=\"\"><img loading=\"lazy\" decoding=\"async\" src=\"https:\/\/www.kimble.fi\/wordpress\/wp-content\/uploads\/2023\/01\/59355_dinosaur_kimble_small.png\" alt=\"\" class=\"wp-image-2557\" width=\"356\" height=\"217\" srcset=\"https:\/\/www.kimble.fi\/wordpress\/wp-content\/uploads\/2023\/01\/59355_dinosaur_kimble_small.png 695w, https:\/\/www.kimble.fi\/wordpress\/wp-content\/uploads\/2023\/01\/59355_dinosaur_kimble_small-300x183.png 300w\" sizes=\"(max-width: 356px) 100vw, 356px\" \/><\/a><\/figure>\n<\/div>\n<\/div>\n\n\n\n<hr class=\"wp-block-separator has-alpha-channel-opacity\"\/>\n\n\n\n<div class=\"wp-block-columns is-layout-flex wp-container-core-columns-is-layout-3 wp-block-columns-is-layout-flex\">\n<div class=\"wp-block-column is-layout-flow wp-block-column-is-layout-flow\">\n<figure class=\"wp-block-image size-full\"><a href=\"https:\/\/www.kimble.fi\/wordpress\/wp-content\/uploads\/2023\/01\/dinosaur_kimble_2.jpg\" data-rel=\"lightbox-image-1\" data-rl_title=\"\" data-rl_caption=\"\" title=\"\"><img loading=\"lazy\" decoding=\"async\" width=\"425\" height=\"425\" src=\"https:\/\/www.kimble.fi\/wordpress\/wp-content\/uploads\/2023\/01\/dinosaur_kimble_2.jpg\" alt=\"\" class=\"wp-image-2563\" srcset=\"https:\/\/www.kimble.fi\/wordpress\/wp-content\/uploads\/2023\/01\/dinosaur_kimble_2.jpg 425w, https:\/\/www.kimble.fi\/wordpress\/wp-content\/uploads\/2023\/01\/dinosaur_kimble_2-300x300.jpg 300w, https:\/\/www.kimble.fi\/wordpress\/wp-content\/uploads\/2023\/01\/dinosaur_kimble_2-150x150.jpg 150w, https:\/\/www.kimble.fi\/wordpress\/wp-content\/uploads\/2023\/01\/dinosaur_kimble_2-80x80.jpg 80w, https:\/\/www.kimble.fi\/wordpress\/wp-content\/uploads\/2023\/01\/dinosaur_kimble_2-320x320.jpg 320w\" sizes=\"(max-width: 425px) 100vw, 425px\" \/><\/a><\/figure>\n<\/div>\n\n\n\n<div class=\"wp-block-column is-layout-flow wp-block-column-is-layout-flow\">\n<figure class=\"wp-block-image size-full\"><a href=\"https:\/\/www.kimble.fi\/wordpress\/wp-content\/uploads\/2023\/01\/dinosaur_kimble_3.jpg\" data-rel=\"lightbox-image-2\" data-rl_title=\"\" data-rl_caption=\"\" title=\"\"><img loading=\"lazy\" decoding=\"async\" width=\"425\" height=\"425\" src=\"https:\/\/www.kimble.fi\/wordpress\/wp-content\/uploads\/2023\/01\/dinosaur_kimble_3.jpg\" alt=\"\" class=\"wp-image-2564\" srcset=\"https:\/\/www.kimble.fi\/wordpress\/wp-content\/uploads\/2023\/01\/dinosaur_kimble_3.jpg 425w, https:\/\/www.kimble.fi\/wordpress\/wp-content\/uploads\/2023\/01\/dinosaur_kimble_3-300x300.jpg 300w, https:\/\/www.kimble.fi\/wordpress\/wp-content\/uploads\/2023\/01\/dinosaur_kimble_3-150x150.jpg 150w, https:\/\/www.kimble.fi\/wordpress\/wp-content\/uploads\/2023\/01\/dinosaur_kimble_3-80x80.jpg 80w, https:\/\/www.kimble.fi\/wordpress\/wp-content\/uploads\/2023\/01\/dinosaur_kimble_3-320x320.jpg 320w\" sizes=\"(max-width: 425px) 100vw, 425px\" \/><\/a><\/figure>\n<\/div>\n\n\n\n<div class=\"wp-block-column is-layout-flow wp-block-column-is-layout-flow\"><\/div>\n<\/div>\n\n\n\n<p>.<\/p>\n","protected":false},"excerpt":{"rendered":"<p>Pelaa kilpaa dinojen seurassa! Pyyh\u00e4ll\u00e4 vauhdikkaasti ymp\u00e4ri pelilautaa ja liikuttele nelj\u00e4\u00e4 pelinappulaasi kohti maaliviivaa. Mutta varo! Toiset pelaajat heitt\u00e4v\u00e4t kapuloita rattaisiin\u2026 .<\/p>\n","protected":false},"author":2,"featured_media":0,"parent":7,"menu_order":8,"comment_status":"closed","ping_status":"closed","template":"","meta":{"footnotes":""},"class_list":["post-2555","page","type-page","status-publish","hentry"],"_links":{"self":[{"href":"https:\/\/www.kimble.fi\/wordpress\/index.php\/wp-json\/wp\/v2\/pages\/2555"}],"collection":[{"href":"https:\/\/www.kimble.fi\/wordpress\/index.php\/wp-json\/wp\/v2\/pages"}],"about":[{"href":"https:\/\/www.kimble.fi\/wordpress\/index.php\/wp-json\/wp\/v2\/types\/page"}],"author":[{"embeddable":true,"href":"https:\/\/www.kimble.fi\/wordpress\/index.php\/wp-json\/wp\/v2\/users\/2"}],"replies":[{"embeddable":true,"href":"https:\/\/www.kimble.fi\/wordpress\/index.php\/wp-json\/wp\/v2\/comments?post=2555"}],"version-history":[{"count":9,"href":"https:\/\/www.kimble.fi\/wordpress\/index.php\/wp-json\/wp\/v2\/pages\/2555\/revisions"}],"predecessor-version":[{"id":2568,"href":"https:\/\/www.kimble.fi\/wordpress\/index.php\/wp-json\/wp\/v2\/pages\/2555\/revisions\/2568"}],"up":[{"embeddable":true,"href":"https:\/\/www.kimble.fi\/wordpress\/index.php\/wp-json\/wp\/v2\/pages\/7"}],"wp:attachment":[{"href":"https:\/\/www.kimble.fi\/wordpress\/index.php\/wp-json\/wp\/v2\/media?parent=2555"}],"curies":[{"name":"wp","href":"https:\/\/api.w.org\/{rel}","templated":true}]}}