{"id":703,"date":"2017-01-10T08:39:13","date_gmt":"2017-01-10T08:39:13","guid":{"rendered":"http:\/\/www.kimble.fi\/wordpress\/?page_id=703"},"modified":"2022-04-20T07:50:00","modified_gmt":"2022-04-20T06:50:00","slug":"junior-kimble","status":"publish","type":"page","link":"https:\/\/www.kimble.fi\/wordpress\/index.php\/tuotteet\/junior-kimble\/","title":{"rendered":"Junior Kimble"},"content":{"rendered":"<p><div class=\"column-group columns-2\"><div class=\"column column-number-1 column-span-1\"><\/p>\n<p><img loading=\"lazy\" decoding=\"async\" class=\"aligncenter wp-image-101\" src=\"https:\/\/www.kimble.fi\/wordpress\/wp-content\/uploads\/2016\/11\/junior_kimble-150x150.png\" width=\"500\" height=\"500\" srcset=\"https:\/\/www.kimble.fi\/wordpress\/wp-content\/uploads\/2016\/11\/junior_kimble-150x150.png 150w, https:\/\/www.kimble.fi\/wordpress\/wp-content\/uploads\/2016\/11\/junior_kimble-300x300.png 300w, https:\/\/www.kimble.fi\/wordpress\/wp-content\/uploads\/2016\/11\/junior_kimble-160x160.png 160w, https:\/\/www.kimble.fi\/wordpress\/wp-content\/uploads\/2016\/11\/junior_kimble-320x320.png 320w, https:\/\/www.kimble.fi\/wordpress\/wp-content\/uploads\/2016\/11\/junior_kimble.png 709w\" sizes=\"(max-width: 500px) 100vw, 500px\" \/><\/p>\n<p>\n<\/div><div class=\"column column-number-2 last column-span-1\"><\/p>\n<p><span style=\"color: #808080;\">Perinteisten numeroiden sijasta Junior Kimbless\u00e4 liikutaan eteenp\u00e4in v\u00e4rien perusteella. Kaikkein nuorimmatkin pelaajat p\u00e4\u00e4sev\u00e4t nyt osaksi Kimblen riemua, sill\u00e4 pelaaminen on helppoa ja hauskaa. Junior versio tuo Kimblen uuden kohdeyleis\u00f6n \u00e4\u00e4reen. peli on nopeampi pienille pelaajille.<\/span><\/p>\n<ul>\n<li><span style=\"color: #808080;\">Ik\u00e4suositus: 3+<\/span><\/li>\n<li><span style=\"color: #808080;\">Pelaajia: 2-4<\/span><\/li>\n<li><span style=\"color: #808080;\">Pelin kesto: 15+ min.<\/span><\/li>\n<\/ul>\n<p>\n<\/div><\/div><br \/>\n<a href=\"https:\/\/games.tactic.net\/tuote\/junior-kimble\/\" target=\"_blank\" rel=\"noopener\"><img loading=\"lazy\" decoding=\"async\" class=\"alignright wp-image-690 size-full\" src=\"https:\/\/www.kimble.fi\/wordpress\/wp-content\/uploads\/2017\/01\/kauppaan.png\" width=\"171\" height=\"58\" \/><\/a><br \/>\n<br clear=\"all\" \/><\/p>\n<hr \/>\n\n\t\t<style>\n\t\t\t#gallery-1 {\n\t\t\t\tmargin: auto;\n\t\t\t}\n\t\t\t#gallery-1 .gallery-item {\n\t\t\t\tfloat: left;\n\t\t\t\tmargin-top: 10px;\n\t\t\t\ttext-align: center;\n\t\t\t\twidth: 25%;\n\t\t\t}\n\t\t\t#gallery-1 img {\n\t\t\t\tborder: 2px solid #cfcfcf;\n\t\t\t}\n\t\t\t#gallery-1 .gallery-caption {\n\t\t\t\tmargin-left: 0;\n\t\t\t}\n\t\t\t\/* see gallery_shortcode() in wp-includes\/media.php *\/\n\t\t<\/style>\n\t\t<div id='gallery-1' class='gallery galleryid-703 gallery-columns-4 gallery-size-thumbnail'><dl class='gallery-item'>\n\t\t\t<dt class='gallery-icon landscape'>\n\t\t\t\t<a href='https:\/\/www.kimble.fi\/wordpress\/wp-content\/uploads\/2016\/12\/Junior_kimble_3-1024x683.jpg' title=\"\" data-rl_title=\"\" class=\"rl-gallery-link\" data-rl_caption=\"\" data-rel=\"lightbox-gallery-1\"><img loading=\"lazy\" decoding=\"async\" width=\"150\" height=\"150\" src=\"https:\/\/www.kimble.fi\/wordpress\/wp-content\/uploads\/2016\/12\/Junior_kimble_3-150x150.jpg\" class=\"attachment-thumbnail size-thumbnail\" alt=\"\" srcset=\"https:\/\/www.kimble.fi\/wordpress\/wp-content\/uploads\/2016\/12\/Junior_kimble_3-150x150.jpg 150w, https:\/\/www.kimble.fi\/wordpress\/wp-content\/uploads\/2016\/12\/Junior_kimble_3-160x160.jpg 160w, https:\/\/www.kimble.fi\/wordpress\/wp-content\/uploads\/2016\/12\/Junior_kimble_3-320x320.jpg 320w\" sizes=\"(max-width: 150px) 100vw, 150px\" \/><\/a>\n\t\t\t<\/dt><\/dl><dl class='gallery-item'>\n\t\t\t<dt class='gallery-icon landscape'>\n\t\t\t\t<a href='https:\/\/www.kimble.fi\/wordpress\/wp-content\/uploads\/2017\/01\/Junior_kimble_2-1024x683.jpg' title=\"\" data-rl_title=\"\" class=\"rl-gallery-link\" data-rl_caption=\"\" data-rel=\"lightbox-gallery-1\"><img loading=\"lazy\" decoding=\"async\" width=\"150\" height=\"150\" src=\"https:\/\/www.kimble.fi\/wordpress\/wp-content\/uploads\/2017\/01\/Junior_kimble_2-150x150.jpg\" class=\"attachment-thumbnail size-thumbnail\" alt=\"\" srcset=\"https:\/\/www.kimble.fi\/wordpress\/wp-content\/uploads\/2017\/01\/Junior_kimble_2-150x150.jpg 150w, https:\/\/www.kimble.fi\/wordpress\/wp-content\/uploads\/2017\/01\/Junior_kimble_2-160x160.jpg 160w, https:\/\/www.kimble.fi\/wordpress\/wp-content\/uploads\/2017\/01\/Junior_kimble_2-320x320.jpg 320w\" sizes=\"(max-width: 150px) 100vw, 150px\" \/><\/a>\n\t\t\t<\/dt><\/dl><dl class='gallery-item'>\n\t\t\t<dt class='gallery-icon landscape'>\n\t\t\t\t<a href='https:\/\/www.kimble.fi\/wordpress\/wp-content\/uploads\/2016\/12\/Junior_kimble_1-1024x683.jpg' title=\"\" data-rl_title=\"\" class=\"rl-gallery-link\" data-rl_caption=\"\" data-rel=\"lightbox-gallery-1\"><img loading=\"lazy\" decoding=\"async\" width=\"150\" height=\"150\" src=\"https:\/\/www.kimble.fi\/wordpress\/wp-content\/uploads\/2016\/12\/Junior_kimble_1-150x150.jpg\" class=\"attachment-thumbnail size-thumbnail\" alt=\"\" srcset=\"https:\/\/www.kimble.fi\/wordpress\/wp-content\/uploads\/2016\/12\/Junior_kimble_1-150x150.jpg 150w, https:\/\/www.kimble.fi\/wordpress\/wp-content\/uploads\/2016\/12\/Junior_kimble_1-160x160.jpg 160w, https:\/\/www.kimble.fi\/wordpress\/wp-content\/uploads\/2016\/12\/Junior_kimble_1-320x320.jpg 320w\" sizes=\"(max-width: 150px) 100vw, 150px\" \/><\/a>\n\t\t\t<\/dt><\/dl>\n\t\t\t<br style='clear: both' \/>\n\t\t<\/div>\n\n","protected":false},"excerpt":{"rendered":"","protected":false},"author":2,"featured_media":0,"parent":7,"menu_order":3,"comment_status":"closed","ping_status":"closed","template":"","meta":{"footnotes":""},"class_list":["post-703","page","type-page","status-publish","hentry"],"_links":{"self":[{"href":"https:\/\/www.kimble.fi\/wordpress\/index.php\/wp-json\/wp\/v2\/pages\/703"}],"collection":[{"href":"https:\/\/www.kimble.fi\/wordpress\/index.php\/wp-json\/wp\/v2\/pages"}],"about":[{"href":"https:\/\/www.kimble.fi\/wordpress\/index.php\/wp-json\/wp\/v2\/types\/page"}],"author":[{"embeddable":true,"href":"https:\/\/www.kimble.fi\/wordpress\/index.php\/wp-json\/wp\/v2\/users\/2"}],"replies":[{"embeddable":true,"href":"https:\/\/www.kimble.fi\/wordpress\/index.php\/wp-json\/wp\/v2\/comments?post=703"}],"version-history":[{"count":10,"href":"https:\/\/www.kimble.fi\/wordpress\/index.php\/wp-json\/wp\/v2\/pages\/703\/revisions"}],"predecessor-version":[{"id":2509,"href":"https:\/\/www.kimble.fi\/wordpress\/index.php\/wp-json\/wp\/v2\/pages\/703\/revisions\/2509"}],"up":[{"embeddable":true,"href":"https:\/\/www.kimble.fi\/wordpress\/index.php\/wp-json\/wp\/v2\/pages\/7"}],"wp:attachment":[{"href":"https:\/\/www.kimble.fi\/wordpress\/index.php\/wp-json\/wp\/v2\/media?parent=703"}],"curies":[{"name":"wp","href":"https:\/\/api.w.org\/{rel}","templated":true}]}}