{"id":84,"date":"2016-12-05T12:33:01","date_gmt":"2016-12-05T12:33:01","guid":{"rendered":"http:\/\/www.kimble.fi\/wordpress\/?page_id=84"},"modified":"2017-01-03T06:55:11","modified_gmt":"2017-01-03T06:55:11","slug":"saannot","status":"publish","type":"page","link":"https:\/\/www.kimble.fi\/wordpress\/index.php\/saannot\/","title":{"rendered":"S\u00e4\u00e4nn\u00f6t"},"content":{"rendered":"<h4><img loading=\"lazy\" decoding=\"async\" class=\"aligncenter wp-image-186\" src=\"https:\/\/www.kimble.fi\/wordpress\/wp-content\/uploads\/2016\/11\/kimble_pelilauta-300x173.jpg\" width=\"700\" height=\"404\" srcset=\"https:\/\/www.kimble.fi\/wordpress\/wp-content\/uploads\/2016\/11\/kimble_pelilauta-300x173.jpg 300w, https:\/\/www.kimble.fi\/wordpress\/wp-content\/uploads\/2016\/11\/kimble_pelilauta-768x443.jpg 768w, https:\/\/www.kimble.fi\/wordpress\/wp-content\/uploads\/2016\/11\/kimble_pelilauta-1024x591.jpg 1024w, https:\/\/www.kimble.fi\/wordpress\/wp-content\/uploads\/2016\/11\/kimble_pelilauta.jpg 1063w\" sizes=\"(max-width: 700px) 100vw, 700px\" \/><\/h4>\n<p>&nbsp;<\/p>\n<h6 style=\"text-align: center;\"><span style=\"color: #808080;\">Varo, ettei kukaan sy\u00f6 nappulaasi tai joudut kiert\u00e4m\u00e4\u00e4n\u00a0koko pelilaudan uudelleen!<br \/>\n<\/span><\/h6>\n<hr \/>\n<p><span class=\"boldi\" style=\"color: #808080;\">KIMBLE-pelin p\u00e4\u00e4m\u00e4\u00e4r\u00e4n\u00e4 on siirt\u00e4\u00e4 nelj\u00e4\u00e4 omaa nappulaansa kerran peliradan ymp\u00e4ri ja tuoda ne maaliin. Pelin aikana jokainen pelaaja yritt\u00e4\u00e4 l\u00e4hett\u00e4\u00e4 vastustajiensa nappulat takaisin kotipes\u00e4lle. <\/span><span style=\"color: #808080;\">Jokainen pelaaja valitsee 4 samanv\u00e4rist\u00e4 nappulaa ja sijoittaa ne vastaavanv\u00e4riselle kotipes\u00e4alueelle. Jos peliss\u00e4 on ainoastaan 2 pelaajaa, voivat he pelata my\u00f6s kahdella joukkueella. Arpakuutio laukaistaan painamalla kupua (Pop-O-Matic). Jokainen pelaaja painaa kupua <span class=\"boldi\">ja korkeimman numeron saanut aloittaa pelin.<\/span> <\/span><\/p>\n<p><span style=\"color: #808080;\"> Pelaajalla on vuorollaan oikeus kerran painaa kupua ja siirt\u00e4\u00e4 nappulaansa. <span class=\"boldi\">Arpakuution 6 antaa pelaajalle oikeuden yhteen ylim\u00e4\u00e4r\u00e4iseen kuvun painamiseen<\/span>. Pelaajan pit\u00e4\u00e4 saada numero 6 ennen kuin h\u00e4n voi siirt\u00e4\u00e4 nappulaansa kotipes\u00e4lt\u00e4 l\u00e4ht\u00f6ympyr\u00e4\u00e4n.<\/span><\/p>\n<p><span style=\"color: #808080;\"> Aloittajan vasemmalla puolella istuva pelaaja on seuraavana vuorossa. <\/span><\/p>\n<div id=\"attachment_497\" style=\"width: 410px\" class=\"wp-caption alignright\"><img loading=\"lazy\" decoding=\"async\" aria-describedby=\"caption-attachment-497\" class=\"wp-image-497\" src=\"https:\/\/www.kimble.fi\/wordpress\/wp-content\/uploads\/2016\/12\/saannot-01-300x148.png\" width=\"400\" height=\"197\" srcset=\"https:\/\/www.kimble.fi\/wordpress\/wp-content\/uploads\/2016\/12\/saannot-01-300x148.png 300w, https:\/\/www.kimble.fi\/wordpress\/wp-content\/uploads\/2016\/12\/saannot-01-768x378.png 768w, https:\/\/www.kimble.fi\/wordpress\/wp-content\/uploads\/2016\/12\/saannot-01.png 842w\" sizes=\"(max-width: 400px) 100vw, 400px\" \/><p id=\"caption-attachment-497\" class=\"wp-caption-text\">Kuva 1<\/p><\/div>\n<p><span style=\"color: #808080;\">Ks. kuva 1.<\/span><\/p>\n<p><span style=\"color: #808080;\">1. Pelinappulasi tulee t\u00e4h\u00e4n <\/span><br \/>\n<span style=\"color: #808080;\"> 2. Vastustajan nappula <\/span><br \/>\n<span style=\"color: #808080;\"> 3. Tyhj\u00e4 rengas <\/span><br \/>\n<span style=\"color: #808080;\"> 4. Oma nappula <\/span><br \/>\n<span style=\"color: #808080;\"> 5. Siirrett\u00e4v\u00e4 nappula <\/span><\/p>\n<p><span style=\"color: #808080;\"> Nappuloita siirret\u00e4\u00e4n my\u00f6t\u00e4p\u00e4iv\u00e4<\/span><span style=\"color: #808080;\">\u00e4n niin monta askelta kuin arpakuutio osoittaa. Kaikki ympyr\u00e4t lasketaan riippumatta siit\u00e4, ovatko ne tyhji\u00e4 tai varattuja.<\/span><\/p>\n<div id=\"attachment_498\" style=\"width: 410px\" class=\"wp-caption alignright\"><img loading=\"lazy\" decoding=\"async\" aria-describedby=\"caption-attachment-498\" class=\"wp-image-498\" src=\"https:\/\/www.kimble.fi\/wordpress\/wp-content\/uploads\/2016\/12\/saannot-02-300x148.png\" width=\"400\" height=\"197\" srcset=\"https:\/\/www.kimble.fi\/wordpress\/wp-content\/uploads\/2016\/12\/saannot-02-300x148.png 300w, https:\/\/www.kimble.fi\/wordpress\/wp-content\/uploads\/2016\/12\/saannot-02-768x378.png 768w, https:\/\/www.kimble.fi\/wordpress\/wp-content\/uploads\/2016\/12\/saannot-02.png 842w\" sizes=\"(max-width: 400px) 100vw, 400px\" \/><p id=\"caption-attachment-498\" class=\"wp-caption-text\">Kuva 2<\/p><\/div>\n<p><span style=\"color: #808080;\">Ks. kuva 2.<\/span><\/p>\n<p><span style=\"color: #808080;\">1. Vastusta<\/span><span style=\"color: #808080;\">jan nappulan t\u00e4ytyy palata kotipes\u00e4\u00e4n <\/span><br \/>\n<span style=\"color: #808080;\"> 2. Tyhj\u00e4 rengas <\/span><br \/>\n<span style=\"color: #808080;\"> 3. Oma nappula <\/span><br \/>\n<span style=\"color: #808080;\"> 4. Siirrett\u00e4v\u00e4 nappula <\/span><\/p>\n<p><span style=\"color: #808080;\"> Jos nappulaa siirt\u00e4ess\u00e4si joudut vastustajan varaamalle ympyr\u00e4lle, vastustajan nappula joutuu palaamaan kotipes\u00e4lleen ja aloittamaan sielt\u00e4 uudelleen. <\/span><\/p>\n<p><span style=\"color: #808080;\"> Kotipes\u00e4ll\u00e4 oleva nappula voidaan siirt\u00e4\u00e4 l\u00e4ht\u00f6ympyr\u00e4\u00e4n vain, kun pelaaja saa numeron 6. Jos l\u00e4ht\u00f6ympyr\u00e4ss\u00e4 t\u00e4ll\u00f6in on vastustajan nappula, palaa se omaan kotipes\u00e4\u00e4n. <\/span><\/p>\n<p><span style=\"color: #808080;\"> Kun pelaaja saa numeron 6 voi h\u00e4n joko siirt\u00e4\u00e4 jo radalla olevaa nappulaa tai valita uuden nappulan peliradalle. Kun pelaajalla on radalla useampia nappuloita, h\u00e4n voi siirt\u00e4\u00e4 mit\u00e4 tahansa nappulaa. Pelaaja voi my\u00f6s j\u00e4tt\u00e4\u00e4 siirt\u00e4m\u00e4tt\u00e4, jos katsoo sen olevan eduksi.<\/span><\/p>\n<div id=\"attachment_496\" style=\"width: 410px\" class=\"wp-caption alignright\"><img loading=\"lazy\" decoding=\"async\" aria-describedby=\"caption-attachment-496\" class=\"wp-image-496\" src=\"https:\/\/www.kimble.fi\/wordpress\/wp-content\/uploads\/2016\/12\/saannot_Artboard-3-300x186.png\" width=\"400\" height=\"248\" srcset=\"https:\/\/www.kimble.fi\/wordpress\/wp-content\/uploads\/2016\/12\/saannot_Artboard-3-300x186.png 300w, https:\/\/www.kimble.fi\/wordpress\/wp-content\/uploads\/2016\/12\/saannot_Artboard-3-768x476.png 768w, https:\/\/www.kimble.fi\/wordpress\/wp-content\/uploads\/2016\/12\/saannot_Artboard-3.png 842w\" sizes=\"(max-width: 400px) 100vw, 400px\" \/><p id=\"caption-attachment-496\" class=\"wp-caption-text\">Kuva 3<\/p><\/div>\n<p><span style=\"color: #808080;\">Ks. kuva 3. <\/span><\/p>\n<p><span style=\"color: #808080;\">Kun kaikki nappulat ovat kiert\u00e4neet peliradan, ne tulevat maalialueelle, joka on merkitty numeroin 1, 2, 3 ja 4.\u00a0 Nappuloita voidaan siirt\u00e4\u00e4 my\u00f6s maalialueella. Kun pelaaja saa numeron 3, pelaaja voi siirt\u00e4\u00e4 nappulan paikkaan 3. <\/span><\/p>\n<p><span style=\"color: #808080;\"> Maaliympyr\u00e4\u00e4n p\u00e4\u00e4see vain tasaluvulla, ja voittaja on se pelaaja joka ensimm\u00e4isen\u00e4 saa kaikki 4 nappulaansa maaliin.<\/span><\/p>\n","protected":false},"excerpt":{"rendered":"<p>&nbsp; Varo, ettei kukaan sy\u00f6 nappulaasi tai joudut kiert\u00e4m\u00e4\u00e4n\u00a0koko pelilaudan uudelleen! KIMBLE-pelin p\u00e4\u00e4m\u00e4\u00e4r\u00e4n\u00e4 on siirt\u00e4\u00e4 nelj\u00e4\u00e4 omaa nappulaansa kerran peliradan ymp\u00e4ri ja tuoda ne maaliin. Pelin aikana jokainen pelaaja yritt\u00e4\u00e4 l\u00e4hett\u00e4\u00e4 vastustajiensa nappulat takaisin&#46;&#46;&#46;<\/p>\n","protected":false},"author":2,"featured_media":0,"parent":0,"menu_order":2,"comment_status":"closed","ping_status":"closed","template":"","meta":{"footnotes":""},"class_list":["post-84","page","type-page","status-publish","hentry"],"_links":{"self":[{"href":"https:\/\/www.kimble.fi\/wordpress\/index.php\/wp-json\/wp\/v2\/pages\/84"}],"collection":[{"href":"https:\/\/www.kimble.fi\/wordpress\/index.php\/wp-json\/wp\/v2\/pages"}],"about":[{"href":"https:\/\/www.kimble.fi\/wordpress\/index.php\/wp-json\/wp\/v2\/types\/page"}],"author":[{"embeddable":true,"href":"https:\/\/www.kimble.fi\/wordpress\/index.php\/wp-json\/wp\/v2\/users\/2"}],"replies":[{"embeddable":true,"href":"https:\/\/www.kimble.fi\/wordpress\/index.php\/wp-json\/wp\/v2\/comments?post=84"}],"version-history":[{"count":38,"href":"https:\/\/www.kimble.fi\/wordpress\/index.php\/wp-json\/wp\/v2\/pages\/84\/revisions"}],"predecessor-version":[{"id":1199,"href":"https:\/\/www.kimble.fi\/wordpress\/index.php\/wp-json\/wp\/v2\/pages\/84\/revisions\/1199"}],"wp:attachment":[{"href":"https:\/\/www.kimble.fi\/wordpress\/index.php\/wp-json\/wp\/v2\/media?parent=84"}],"curies":[{"name":"wp","href":"https:\/\/api.w.org\/{rel}","templated":true}]}}